
{"id":52147,"date":"2021-03-20T11:27:26","date_gmt":"2021-03-20T13:10:57","guid":{"rendered":"https:\/\/stage.shop-cellularswiss.ch\/produit\/powertank-5000-universal\/"},"modified":"2021-03-20T14:11:07","modified_gmt":"2021-03-20T13:11:07","slug":"powertank-5000-universal","status":"publish","type":"product","link":"https:\/\/stage.shop-cellularswiss.ch\/de\/produit\/powertank-5000-universal\/","title":{"rendered":"PowerTank 5000 &#8211; Universal"},"content":{"rendered":"<p>PowerTank 5.000 ist das ultrakleine, schnelle und leistungsstarke portable Akkuladeger\u00e4t von Cellularline. PowerTank 5.000 wurde mit der innovativen Technologie der Zellen aus Lithium-Polymeren hoher Dichte hergestellt, womit der PowerTank 5.000 bei gleicher Leistung um 40 % kleiner als eine klassische Powerbank mit Lithium-Ion-Zellen ausgef\u00fchrt werden kann. Der kleine und leistungsstarke PowerTank 5.000 ist somit ideal, um stets die erforderliche Energie bei sich zu haben und das Smartphone schnell, auch mehrmals hintereinander aufzuladen. Dank des doppelten USB-C und Micro-USB-Eingangs kann der PowerTank 5.000 direkt mit den USB-Kabeln der meisten handels\u00fcblichen Telefone aufgeladen werden. PowerTank 5.000 verf\u00fcgt au\u00dferdem \u00fcber ein System zur gleichzeitigen Schnellladung und \u00fcber einen \u00dcberhitzungsschutz, wodurch du deine Ger\u00e4te bequem unter vollkommen sicheren Bedingungen aufladen kannst.<\/p>\n","protected":false},"excerpt":{"rendered":"<p>Ultrakleines portables Akkuladeger\u00e4t<\/p>\n","protected":false},"featured_media":62768,"comment_status":"closed","ping_status":"closed","template":"","meta":{"_et_pb_use_builder":"","_et_pb_old_content":"","_et_gb_content_width":""},"pwb-brand":[],"product_cat":[1781,1793],"product_tag":[],"compatibilite":[],"compatibilite_smartphone":[4438],"brands":[],"_links":{"self":[{"href":"https:\/\/stage.shop-cellularswiss.ch\/de\/wp-json\/wp\/v2\/product\/52147"}],"collection":[{"href":"https:\/\/stage.shop-cellularswiss.ch\/de\/wp-json\/wp\/v2\/product"}],"about":[{"href":"https:\/\/stage.shop-cellularswiss.ch\/de\/wp-json\/wp\/v2\/types\/product"}],"replies":[{"embeddable":true,"href":"https:\/\/stage.shop-cellularswiss.ch\/de\/wp-json\/wp\/v2\/comments?post=52147"}],"wp:featuredmedia":[{"embeddable":true,"href":"https:\/\/stage.shop-cellularswiss.ch\/de\/wp-json\/wp\/v2\/media\/62768"}],"wp:attachment":[{"href":"https:\/\/stage.shop-cellularswiss.ch\/de\/wp-json\/wp\/v2\/media?parent=52147"}],"wp:term":[{"taxonomy":"pwb-brand","embeddable":true,"href":"https:\/\/stage.shop-cellularswiss.ch\/de\/wp-json\/wp\/v2\/pwb-brand?post=52147"},{"taxonomy":"product_cat","embeddable":true,"href":"https:\/\/stage.shop-cellularswiss.ch\/de\/wp-json\/wp\/v2\/product_cat?post=52147"},{"taxonomy":"product_tag","embeddable":true,"href":"https:\/\/stage.shop-cellularswiss.ch\/de\/wp-json\/wp\/v2\/product_tag?post=52147"},{"taxonomy":"compatibilite","embeddable":true,"href":"https:\/\/stage.shop-cellularswiss.ch\/de\/wp-json\/wp\/v2\/compatibilite?post=52147"},{"taxonomy":"compatibilite_smartphone","embeddable":true,"href":"https:\/\/stage.shop-cellularswiss.ch\/de\/wp-json\/wp\/v2\/compatibilite_smartphone?post=52147"}],"curies":[{"name":"wp","href":"https:\/\/api.w.org\/{rel}","templated":true}]}}