
{"id":52153,"date":"2021-03-20T11:27:40","date_gmt":"2021-03-20T13:11:05","guid":{"rendered":"https:\/\/stage.shop-cellularswiss.ch\/produit\/powerup-20000-universal\/"},"modified":"2021-03-20T14:11:10","modified_gmt":"2021-03-20T13:11:10","slug":"powerup-20000-universal","status":"publish","type":"product","link":"https:\/\/stage.shop-cellularswiss.ch\/de\/produit\/powerup-20000-universal\/","title":{"rendered":"PowerUp 20000 &#8211; Universal"},"content":{"rendered":"<p>PowerUp 20000 ist eine praktische, leistungsstarke und schnelle Powerbank, die ideal geeignet ist, um immer genug Energie f\u00fcr das Smartphone dabei zu haben. Dank der Technologie mit zylindrischen Lithiumzellen und des Schnelllade- und -aufladesystems erm\u00f6glicht das tragbare Akkuladeger\u00e4t PowerUp 20000 auch \u00fcber den USB-C-Port f\u00fcr kompatible Ger\u00e4te das mehrmalige Aufladen des Telefons in Folge. Der doppelte USB-Port und der USB-C-Port erm\u00f6glichen ein gleichzeitiges, schnelles Aufladen von bis zu zwei Ger\u00e4ten bei totaler Sicherheit und Effizienz. Dank des LED-Displays kann man jederzeit die Restladung ablesen.<\/p>\n","protected":false},"excerpt":{"rendered":"<p>Portables Akkuladeger\u00e4t mit doppeltem USB-Port, USB-C-Port und LCD-Display<\/p>\n","protected":false},"featured_media":54618,"comment_status":"closed","ping_status":"closed","template":"","meta":{"_et_pb_use_builder":"","_et_pb_old_content":"","_et_gb_content_width":""},"pwb-brand":[],"product_cat":[1781,1793,539],"product_tag":[],"compatibilite":[],"compatibilite_smartphone":[],"brands":[],"_links":{"self":[{"href":"https:\/\/stage.shop-cellularswiss.ch\/de\/wp-json\/wp\/v2\/product\/52153"}],"collection":[{"href":"https:\/\/stage.shop-cellularswiss.ch\/de\/wp-json\/wp\/v2\/product"}],"about":[{"href":"https:\/\/stage.shop-cellularswiss.ch\/de\/wp-json\/wp\/v2\/types\/product"}],"replies":[{"embeddable":true,"href":"https:\/\/stage.shop-cellularswiss.ch\/de\/wp-json\/wp\/v2\/comments?post=52153"}],"wp:featuredmedia":[{"embeddable":true,"href":"https:\/\/stage.shop-cellularswiss.ch\/de\/wp-json\/wp\/v2\/media\/54618"}],"wp:attachment":[{"href":"https:\/\/stage.shop-cellularswiss.ch\/de\/wp-json\/wp\/v2\/media?parent=52153"}],"wp:term":[{"taxonomy":"pwb-brand","embeddable":true,"href":"https:\/\/stage.shop-cellularswiss.ch\/de\/wp-json\/wp\/v2\/pwb-brand?post=52153"},{"taxonomy":"product_cat","embeddable":true,"href":"https:\/\/stage.shop-cellularswiss.ch\/de\/wp-json\/wp\/v2\/product_cat?post=52153"},{"taxonomy":"product_tag","embeddable":true,"href":"https:\/\/stage.shop-cellularswiss.ch\/de\/wp-json\/wp\/v2\/product_tag?post=52153"},{"taxonomy":"compatibilite","embeddable":true,"href":"https:\/\/stage.shop-cellularswiss.ch\/de\/wp-json\/wp\/v2\/compatibilite?post=52153"},{"taxonomy":"compatibilite_smartphone","embeddable":true,"href":"https:\/\/stage.shop-cellularswiss.ch\/de\/wp-json\/wp\/v2\/compatibilite_smartphone?post=52153"}],"curies":[{"name":"wp","href":"https:\/\/api.w.org\/{rel}","templated":true}]}}