
{"id":52154,"date":"2021-03-20T11:27:42","date_gmt":"2021-03-20T13:11:09","guid":{"rendered":"https:\/\/stage.shop-cellularswiss.ch\/produit\/powerup-5200-universal\/"},"modified":"2021-03-20T14:11:16","modified_gmt":"2021-03-20T13:11:16","slug":"powerup-5200-universal","status":"publish","type":"product","link":"https:\/\/stage.shop-cellularswiss.ch\/de\/produit\/powerup-5200-universal\/","title":{"rendered":"PowerUp 5200 &#8211; Universal"},"content":{"rendered":"<p>PowerUp 5200 ist eine praktische, leistungsstarke und schnelle Powerbank, die ideal geeignet ist, um immer genug Energie f\u00fcr das Smartphone dabei zu haben. Dank der Technologie mit zylindrischen Lithiumzellen und des Schnelllade- und -aufladesystems erm\u00f6glicht das tragbare Akkuladeger\u00e4t PowerUp 5200 auch \u00fcber den USB-C-Port f\u00fcr kompatible Ger\u00e4te das mehrmalige Aufladen des Telefons in Folge, sodass man immer mit gen\u00fcgend Energie zum richtigen Zeitpunkt versorgt sein kann.<\/p>\n","protected":false},"excerpt":{"rendered":"<p>Portables Akkuladeger\u00e4t mit USB- und USB-C-Port<\/p>\n","protected":false},"featured_media":54602,"comment_status":"closed","ping_status":"closed","template":"","meta":{"_et_pb_use_builder":"","_et_pb_old_content":"","_et_gb_content_width":""},"pwb-brand":[],"product_cat":[1781,1793],"product_tag":[],"compatibilite":[],"compatibilite_smartphone":[],"brands":[],"_links":{"self":[{"href":"https:\/\/stage.shop-cellularswiss.ch\/de\/wp-json\/wp\/v2\/product\/52154"}],"collection":[{"href":"https:\/\/stage.shop-cellularswiss.ch\/de\/wp-json\/wp\/v2\/product"}],"about":[{"href":"https:\/\/stage.shop-cellularswiss.ch\/de\/wp-json\/wp\/v2\/types\/product"}],"replies":[{"embeddable":true,"href":"https:\/\/stage.shop-cellularswiss.ch\/de\/wp-json\/wp\/v2\/comments?post=52154"}],"wp:featuredmedia":[{"embeddable":true,"href":"https:\/\/stage.shop-cellularswiss.ch\/de\/wp-json\/wp\/v2\/media\/54602"}],"wp:attachment":[{"href":"https:\/\/stage.shop-cellularswiss.ch\/de\/wp-json\/wp\/v2\/media?parent=52154"}],"wp:term":[{"taxonomy":"pwb-brand","embeddable":true,"href":"https:\/\/stage.shop-cellularswiss.ch\/de\/wp-json\/wp\/v2\/pwb-brand?post=52154"},{"taxonomy":"product_cat","embeddable":true,"href":"https:\/\/stage.shop-cellularswiss.ch\/de\/wp-json\/wp\/v2\/product_cat?post=52154"},{"taxonomy":"product_tag","embeddable":true,"href":"https:\/\/stage.shop-cellularswiss.ch\/de\/wp-json\/wp\/v2\/product_tag?post=52154"},{"taxonomy":"compatibilite","embeddable":true,"href":"https:\/\/stage.shop-cellularswiss.ch\/de\/wp-json\/wp\/v2\/compatibilite?post=52154"},{"taxonomy":"compatibilite_smartphone","embeddable":true,"href":"https:\/\/stage.shop-cellularswiss.ch\/de\/wp-json\/wp\/v2\/compatibilite_smartphone?post=52154"}],"curies":[{"name":"wp","href":"https:\/\/api.w.org\/{rel}","templated":true}]}}