
{"id":52158,"date":"2021-03-20T11:27:52","date_gmt":"2021-03-20T13:11:15","guid":{"rendered":"https:\/\/stage.shop-cellularswiss.ch\/produit\/prestige-per-smartphone-fino-a-54\/"},"modified":"2021-03-20T14:11:17","modified_gmt":"2021-03-20T13:11:17","slug":"prestige-per-smartphone-fino-a-54","status":"publish","type":"product","link":"https:\/\/stage.shop-cellularswiss.ch\/de\/produit\/prestige-per-smartphone-fino-a-54\/","title":{"rendered":"Prestige &#8211; Per Smartphone fino a 5,4&#8243;"},"content":{"rendered":"<p>Die Sleeve-Schutzh\u00fclle Prestige verf\u00fcgt \u00fcber ein modernes Design und eine erlesene Verarbeitung. Sie zeichnet sich durch ein Mikrofaserfutter mit Polierfunktion und einen magnetischen Sicherheitsverschluss aus und bietet deinem Smartphone einen Komplettschutz.<\/p>\n","protected":false},"excerpt":{"rendered":"<p>Modernes Design, erlesene Verarbeitung<\/p>\n","protected":false},"featured_media":54382,"comment_status":"closed","ping_status":"closed","template":"","meta":{"_et_pb_use_builder":"","_et_pb_old_content":"","_et_gb_content_width":""},"pwb-brand":[],"product_cat":[542,559],"product_tag":[],"compatibilite":[],"compatibilite_smartphone":[],"brands":[],"_links":{"self":[{"href":"https:\/\/stage.shop-cellularswiss.ch\/de\/wp-json\/wp\/v2\/product\/52158"}],"collection":[{"href":"https:\/\/stage.shop-cellularswiss.ch\/de\/wp-json\/wp\/v2\/product"}],"about":[{"href":"https:\/\/stage.shop-cellularswiss.ch\/de\/wp-json\/wp\/v2\/types\/product"}],"replies":[{"embeddable":true,"href":"https:\/\/stage.shop-cellularswiss.ch\/de\/wp-json\/wp\/v2\/comments?post=52158"}],"wp:featuredmedia":[{"embeddable":true,"href":"https:\/\/stage.shop-cellularswiss.ch\/de\/wp-json\/wp\/v2\/media\/54382"}],"wp:attachment":[{"href":"https:\/\/stage.shop-cellularswiss.ch\/de\/wp-json\/wp\/v2\/media?parent=52158"}],"wp:term":[{"taxonomy":"pwb-brand","embeddable":true,"href":"https:\/\/stage.shop-cellularswiss.ch\/de\/wp-json\/wp\/v2\/pwb-brand?post=52158"},{"taxonomy":"product_cat","embeddable":true,"href":"https:\/\/stage.shop-cellularswiss.ch\/de\/wp-json\/wp\/v2\/product_cat?post=52158"},{"taxonomy":"product_tag","embeddable":true,"href":"https:\/\/stage.shop-cellularswiss.ch\/de\/wp-json\/wp\/v2\/product_tag?post=52158"},{"taxonomy":"compatibilite","embeddable":true,"href":"https:\/\/stage.shop-cellularswiss.ch\/de\/wp-json\/wp\/v2\/compatibilite?post=52158"},{"taxonomy":"compatibilite_smartphone","embeddable":true,"href":"https:\/\/stage.shop-cellularswiss.ch\/de\/wp-json\/wp\/v2\/compatibilite_smartphone?post=52158"}],"curies":[{"name":"wp","href":"https:\/\/api.w.org\/{rel}","templated":true}]}}