
{"id":52167,"date":"2021-03-20T11:28:13","date_gmt":"2021-03-20T13:11:28","guid":{"rendered":"https:\/\/stage.shop-cellularswiss.ch\/produit\/roller-car-charger-dock\/"},"modified":"2021-03-20T14:11:32","modified_gmt":"2021-03-20T13:11:32","slug":"roller-car-charger-dock","status":"publish","type":"product","link":"https:\/\/stage.shop-cellularswiss.ch\/de\/produit\/roller-car-charger-dock\/","title":{"rendered":"Roller Car Charger &#8211; Dock"},"content":{"rendered":"<p>USB CAR CHARGER 10W ist das USB-C-Ladeger\u00e4t f\u00fcr die Grundaufladung aller mit einem USB-C-Anschluss ausgestatteten Ger\u00e4te. Die Aufladung kann bei einigen Telefonen je nach Ladetechnologie langsamer erfolgen. Im Lieferumfang ist ein USB-zu-USB-C-Kabel mit einer L\u00e4nge von 100 cm inbegriffen.<\/p>\n","protected":false},"excerpt":{"rendered":"<p>Autoladeger\u00e4t 10 W mit USB-C-Kabel<\/p>\n","protected":false},"featured_media":36747,"comment_status":"closed","ping_status":"closed","template":"","meta":{"_et_pb_use_builder":"","_et_pb_old_content":"","_et_gb_content_width":""},"pwb-brand":[],"product_cat":[3848,1781],"product_tag":[],"compatibilite":[],"compatibilite_smartphone":[4390,4392,4391],"brands":[],"_links":{"self":[{"href":"https:\/\/stage.shop-cellularswiss.ch\/de\/wp-json\/wp\/v2\/product\/52167"}],"collection":[{"href":"https:\/\/stage.shop-cellularswiss.ch\/de\/wp-json\/wp\/v2\/product"}],"about":[{"href":"https:\/\/stage.shop-cellularswiss.ch\/de\/wp-json\/wp\/v2\/types\/product"}],"replies":[{"embeddable":true,"href":"https:\/\/stage.shop-cellularswiss.ch\/de\/wp-json\/wp\/v2\/comments?post=52167"}],"wp:featuredmedia":[{"embeddable":true,"href":"https:\/\/stage.shop-cellularswiss.ch\/de\/wp-json\/wp\/v2\/media\/36747"}],"wp:attachment":[{"href":"https:\/\/stage.shop-cellularswiss.ch\/de\/wp-json\/wp\/v2\/media?parent=52167"}],"wp:term":[{"taxonomy":"pwb-brand","embeddable":true,"href":"https:\/\/stage.shop-cellularswiss.ch\/de\/wp-json\/wp\/v2\/pwb-brand?post=52167"},{"taxonomy":"product_cat","embeddable":true,"href":"https:\/\/stage.shop-cellularswiss.ch\/de\/wp-json\/wp\/v2\/product_cat?post=52167"},{"taxonomy":"product_tag","embeddable":true,"href":"https:\/\/stage.shop-cellularswiss.ch\/de\/wp-json\/wp\/v2\/product_tag?post=52167"},{"taxonomy":"compatibilite","embeddable":true,"href":"https:\/\/stage.shop-cellularswiss.ch\/de\/wp-json\/wp\/v2\/compatibilite?post=52167"},{"taxonomy":"compatibilite_smartphone","embeddable":true,"href":"https:\/\/stage.shop-cellularswiss.ch\/de\/wp-json\/wp\/v2\/compatibilite_smartphone?post=52167"}],"curies":[{"name":"wp","href":"https:\/\/api.w.org\/{rel}","templated":true}]}}