
{"id":52170,"date":"2021-03-20T11:28:21","date_gmt":"2021-03-20T13:11:35","guid":{"rendered":"https:\/\/stage.shop-cellularswiss.ch\/produit\/roller-car-charger-5w-lightning-iphone-and-ipod\/"},"modified":"2021-03-20T14:11:37","modified_gmt":"2021-03-20T13:11:37","slug":"roller-car-charger-5w-lightning-iphone-and-ipod","status":"publish","type":"product","link":"https:\/\/stage.shop-cellularswiss.ch\/de\/produit\/roller-car-charger-5w-lightning-iphone-and-ipod\/","title":{"rendered":"Roller Car Charger 5W &#8211; Lightning &#8211; iPhone and iPod"},"content":{"rendered":"<p>ROLLER CAR CHARGER 5W ist das Autoladeger\u00e4t f\u00fcr Apple-Ger\u00e4te mit aufrollbarem Kabel, das das Problem der verhedderten Kabel behebt. Es erm\u00f6glicht eine Standard-Ladung bei absoluter Sicherheit f\u00fcr alle iPhones und iPads auch w\u00e4hrend Autofahrten. Nach Abschluss des Ladevorgangs einfach einen Knopf dr\u00fccken, um das Kabel automatisch im Inneren des Ladeger\u00e4ts aufzuwickeln. Es gibt keinerlei Abmachung, Lizenz oder Verbindung zwischen Cellularline S.p.A. und den in den Texten und Bildern dieser Website angegebenen Markeninhabern und Namen. Alle Telefonmarken, -namen und -modelle sind Eigentum der jeweiligen Inhaber.<\/p>\n","protected":false},"excerpt":{"rendered":"<p>Aufrollbarem Kabel<\/p>\n","protected":false},"featured_media":54706,"comment_status":"closed","ping_status":"closed","template":"","meta":{"_et_pb_use_builder":"","_et_pb_old_content":"","_et_gb_content_width":""},"pwb-brand":[],"product_cat":[3848,1781],"product_tag":[],"compatibilite":[],"compatibilite_smartphone":[4381,4437,4359,4377,4364,4379,4353,4374,4372,4449,4447,4380,4362,4448,4440,4358,4433,4434,4371,4367,4465],"brands":[],"_links":{"self":[{"href":"https:\/\/stage.shop-cellularswiss.ch\/de\/wp-json\/wp\/v2\/product\/52170"}],"collection":[{"href":"https:\/\/stage.shop-cellularswiss.ch\/de\/wp-json\/wp\/v2\/product"}],"about":[{"href":"https:\/\/stage.shop-cellularswiss.ch\/de\/wp-json\/wp\/v2\/types\/product"}],"replies":[{"embeddable":true,"href":"https:\/\/stage.shop-cellularswiss.ch\/de\/wp-json\/wp\/v2\/comments?post=52170"}],"wp:featuredmedia":[{"embeddable":true,"href":"https:\/\/stage.shop-cellularswiss.ch\/de\/wp-json\/wp\/v2\/media\/54706"}],"wp:attachment":[{"href":"https:\/\/stage.shop-cellularswiss.ch\/de\/wp-json\/wp\/v2\/media?parent=52170"}],"wp:term":[{"taxonomy":"pwb-brand","embeddable":true,"href":"https:\/\/stage.shop-cellularswiss.ch\/de\/wp-json\/wp\/v2\/pwb-brand?post=52170"},{"taxonomy":"product_cat","embeddable":true,"href":"https:\/\/stage.shop-cellularswiss.ch\/de\/wp-json\/wp\/v2\/product_cat?post=52170"},{"taxonomy":"product_tag","embeddable":true,"href":"https:\/\/stage.shop-cellularswiss.ch\/de\/wp-json\/wp\/v2\/product_tag?post=52170"},{"taxonomy":"compatibilite","embeddable":true,"href":"https:\/\/stage.shop-cellularswiss.ch\/de\/wp-json\/wp\/v2\/compatibilite?post=52170"},{"taxonomy":"compatibilite_smartphone","embeddable":true,"href":"https:\/\/stage.shop-cellularswiss.ch\/de\/wp-json\/wp\/v2\/compatibilite_smartphone?post=52170"}],"curies":[{"name":"wp","href":"https:\/\/api.w.org\/{rel}","templated":true}]}}