
{"id":52171,"date":"2021-03-20T14:11:35","date_gmt":"2021-03-20T13:11:35","guid":{"rendered":"https:\/\/stage.shop-cellularswiss.ch\/produit\/rtw-cuscino-gonfiabile-da-collo-con-mini-bag\/"},"modified":"2021-03-20T14:11:40","modified_gmt":"2021-03-20T13:11:40","slug":"rtw-cuscino-gonfiabile-da-collo-con-mini-bag","status":"publish","type":"product","link":"https:\/\/stage.shop-cellularswiss.ch\/de\/produit\/rtw-cuscino-gonfiabile-da-collo-con-mini-bag\/","title":{"rendered":"RTW &#8211; Cuscino gonfiabile da collo con mini bag"},"content":{"rendered":"<p>Dream ist das aufblasbare und ultraleichte Reisekissen, das speziell zur Unterst\u00fctzung und Entspannung der Nackenmuskulatur entwickelt wurde. Das ergonomische Doppelclip-Design erm\u00f6glicht es, das Kissen den eigenen Bed\u00fcrfnissen entsprechend anzupassen und zu justieren. Dream ist mit einem innovativen Push-Ventilsystem ausgestattet, das es erm\u00f6glicht, das Kissen \u00fcber eine einfache Handbewegung und ohne pusten zu m\u00fcssen in wenigen Sekunden aufzublasen. Es kann vollst\u00e4ndig eingerollt und in einer praktischen Mini-Reisetasche verpackt werden.<\/p>\n","protected":false},"excerpt":{"rendered":"<p>Aufblasbares Nackenkissen mit Minitasche<\/p>\n","protected":false},"featured_media":38334,"comment_status":"closed","ping_status":"open","template":"","meta":{"_et_pb_use_builder":"","_et_pb_old_content":"","_et_gb_content_width":""},"pwb-brand":[],"product_cat":[544,542],"product_tag":[],"compatibilite":[],"compatibilite_smartphone":[],"brands":[],"_links":{"self":[{"href":"https:\/\/stage.shop-cellularswiss.ch\/de\/wp-json\/wp\/v2\/product\/52171"}],"collection":[{"href":"https:\/\/stage.shop-cellularswiss.ch\/de\/wp-json\/wp\/v2\/product"}],"about":[{"href":"https:\/\/stage.shop-cellularswiss.ch\/de\/wp-json\/wp\/v2\/types\/product"}],"replies":[{"embeddable":true,"href":"https:\/\/stage.shop-cellularswiss.ch\/de\/wp-json\/wp\/v2\/comments?post=52171"}],"wp:featuredmedia":[{"embeddable":true,"href":"https:\/\/stage.shop-cellularswiss.ch\/de\/wp-json\/wp\/v2\/media\/38334"}],"wp:attachment":[{"href":"https:\/\/stage.shop-cellularswiss.ch\/de\/wp-json\/wp\/v2\/media?parent=52171"}],"wp:term":[{"taxonomy":"pwb-brand","embeddable":true,"href":"https:\/\/stage.shop-cellularswiss.ch\/de\/wp-json\/wp\/v2\/pwb-brand?post=52171"},{"taxonomy":"product_cat","embeddable":true,"href":"https:\/\/stage.shop-cellularswiss.ch\/de\/wp-json\/wp\/v2\/product_cat?post=52171"},{"taxonomy":"product_tag","embeddable":true,"href":"https:\/\/stage.shop-cellularswiss.ch\/de\/wp-json\/wp\/v2\/product_tag?post=52171"},{"taxonomy":"compatibilite","embeddable":true,"href":"https:\/\/stage.shop-cellularswiss.ch\/de\/wp-json\/wp\/v2\/compatibilite?post=52171"},{"taxonomy":"compatibilite_smartphone","embeddable":true,"href":"https:\/\/stage.shop-cellularswiss.ch\/de\/wp-json\/wp\/v2\/compatibilite_smartphone?post=52171"}],"curies":[{"name":"wp","href":"https:\/\/api.w.org\/{rel}","templated":true}]}}