
{"id":52173,"date":"2021-03-20T11:28:29","date_gmt":"2021-03-20T13:11:39","guid":{"rendered":"https:\/\/stage.shop-cellularswiss.ch\/produit\/scorpion-in-ear-universale\/"},"modified":"2021-03-20T14:11:44","modified_gmt":"2021-03-20T13:11:44","slug":"scorpion-in-ear-universale","status":"publish","type":"product","link":"https:\/\/stage.shop-cellularswiss.ch\/de\/produit\/scorpion-in-ear-universale\/","title":{"rendered":"Scorpion In-Ear &#8211; Universale"},"content":{"rendered":"<p>Die Kopfh\u00f6rer SCORPION IN-EAR sind leicht und ultrastabil, ideale Begleiter f\u00fcr besonders bewegungsreiche Sportarten. Mit der &#8222;Easy Soft Wear&#8220; Technologie der B\u00fcgel komfortabel und geeignet auch bei l\u00e4ngerem Training. Dank IPX5-Zertifizierung spritzwassergesch\u00fctzt und mit dem Mikrofon mit Rufannahmetaste kannst du jeden Anruf annehmen. Sport wird mit diesen Kopfh\u00f6rern noch angenehmer.<\/p>\n","protected":false},"excerpt":{"rendered":"<p>Leichter und stabiler In-Ear-Sport-Kopfh\u00f6rer<\/p>\n","protected":false},"featured_media":54378,"comment_status":"closed","ping_status":"closed","template":"","meta":{"_et_pb_use_builder":"","_et_pb_old_content":"","_et_gb_content_width":""},"pwb-brand":[],"product_cat":[493,512],"product_tag":[4551],"compatibilite":[],"compatibilite_smartphone":[4366,4369,4384,4363,4370,4354,4365,4375,4376,4436,4443,4355,4383,4441,4357,4368,4373,4381,4417,4419,4382,4420,4361,4418,4450,4437,4439,4438,4446,4442,4445,4444,4378,4356,4359,4377,4364,4379,4353,4374,4372,4449,4447,4380,4362,4448,4440,4358,4435,4433,4434,4371,4360,4367,4385,4388,4386,4389,4387,4421,4390,4415,4402,4413,4396,4406,4414,4405,4408,4394,4403,4407,4404,4410,4395,4422,4409,4399,4398,4427,4428,4423,4401,4400,4431,4425,4424,4429,4430,4393,4412,4397,4416,4411,4426,4392,4391],"brands":[],"_links":{"self":[{"href":"https:\/\/stage.shop-cellularswiss.ch\/de\/wp-json\/wp\/v2\/product\/52173"}],"collection":[{"href":"https:\/\/stage.shop-cellularswiss.ch\/de\/wp-json\/wp\/v2\/product"}],"about":[{"href":"https:\/\/stage.shop-cellularswiss.ch\/de\/wp-json\/wp\/v2\/types\/product"}],"replies":[{"embeddable":true,"href":"https:\/\/stage.shop-cellularswiss.ch\/de\/wp-json\/wp\/v2\/comments?post=52173"}],"wp:featuredmedia":[{"embeddable":true,"href":"https:\/\/stage.shop-cellularswiss.ch\/de\/wp-json\/wp\/v2\/media\/54378"}],"wp:attachment":[{"href":"https:\/\/stage.shop-cellularswiss.ch\/de\/wp-json\/wp\/v2\/media?parent=52173"}],"wp:term":[{"taxonomy":"pwb-brand","embeddable":true,"href":"https:\/\/stage.shop-cellularswiss.ch\/de\/wp-json\/wp\/v2\/pwb-brand?post=52173"},{"taxonomy":"product_cat","embeddable":true,"href":"https:\/\/stage.shop-cellularswiss.ch\/de\/wp-json\/wp\/v2\/product_cat?post=52173"},{"taxonomy":"product_tag","embeddable":true,"href":"https:\/\/stage.shop-cellularswiss.ch\/de\/wp-json\/wp\/v2\/product_tag?post=52173"},{"taxonomy":"compatibilite","embeddable":true,"href":"https:\/\/stage.shop-cellularswiss.ch\/de\/wp-json\/wp\/v2\/compatibilite?post=52173"},{"taxonomy":"compatibilite_smartphone","embeddable":true,"href":"https:\/\/stage.shop-cellularswiss.ch\/de\/wp-json\/wp\/v2\/compatibilite_smartphone?post=52173"}],"curies":[{"name":"wp","href":"https:\/\/api.w.org\/{rel}","templated":true}]}}