
{"id":52178,"date":"2021-03-20T11:28:41","date_gmt":"2021-03-20T13:11:49","guid":{"rendered":"https:\/\/stage.shop-cellularswiss.ch\/produit\/second-glass-uni-per-smartphone-da-43-fino-a-45\/"},"modified":"2021-03-20T14:11:51","modified_gmt":"2021-03-20T13:11:51","slug":"second-glass-uni-per-smartphone-da-43-fino-a-45","status":"publish","type":"product","link":"https:\/\/stage.shop-cellularswiss.ch\/de\/produit\/second-glass-uni-per-smartphone-da-43-fino-a-45\/","title":{"rendered":"Second Glass Uni &#8211; Per Smartphone da 4,3&#8243; fino a 4,5&#8243;"},"content":{"rendered":"<p>Second Glass Uni ist ein echtes geh\u00e4rtetes, widerstandsf\u00e4higes Glas, das den besten Schutz des Displays bietet. Die besondere, patentierte, in 7 Gr\u00f6\u00dfen verf\u00fcgbare Form passt sich an jede Art des Smartphones an. Da es steif ist, bilden sich dar\u00fcber hinaus keine Blasen und das Display beh\u00e4lt dasselbe Gef\u00fchl beim Anfassen bei und es sieht auch wie das Originalglas aus.<\/p>\n","protected":false},"excerpt":{"rendered":"<p>Widerstandsf\u00e4higes und d\u00fcnnes Schutzglas<\/p>\n","protected":false},"featured_media":54298,"comment_status":"closed","ping_status":"closed","template":"","meta":{"_et_pb_use_builder":"","_et_pb_old_content":"","_et_gb_content_width":""},"pwb-brand":[],"product_cat":[542,549],"product_tag":[],"compatibilite":[],"compatibilite_smartphone":[],"brands":[],"_links":{"self":[{"href":"https:\/\/stage.shop-cellularswiss.ch\/de\/wp-json\/wp\/v2\/product\/52178"}],"collection":[{"href":"https:\/\/stage.shop-cellularswiss.ch\/de\/wp-json\/wp\/v2\/product"}],"about":[{"href":"https:\/\/stage.shop-cellularswiss.ch\/de\/wp-json\/wp\/v2\/types\/product"}],"replies":[{"embeddable":true,"href":"https:\/\/stage.shop-cellularswiss.ch\/de\/wp-json\/wp\/v2\/comments?post=52178"}],"wp:featuredmedia":[{"embeddable":true,"href":"https:\/\/stage.shop-cellularswiss.ch\/de\/wp-json\/wp\/v2\/media\/54298"}],"wp:attachment":[{"href":"https:\/\/stage.shop-cellularswiss.ch\/de\/wp-json\/wp\/v2\/media?parent=52178"}],"wp:term":[{"taxonomy":"pwb-brand","embeddable":true,"href":"https:\/\/stage.shop-cellularswiss.ch\/de\/wp-json\/wp\/v2\/pwb-brand?post=52178"},{"taxonomy":"product_cat","embeddable":true,"href":"https:\/\/stage.shop-cellularswiss.ch\/de\/wp-json\/wp\/v2\/product_cat?post=52178"},{"taxonomy":"product_tag","embeddable":true,"href":"https:\/\/stage.shop-cellularswiss.ch\/de\/wp-json\/wp\/v2\/product_tag?post=52178"},{"taxonomy":"compatibilite","embeddable":true,"href":"https:\/\/stage.shop-cellularswiss.ch\/de\/wp-json\/wp\/v2\/compatibilite?post=52178"},{"taxonomy":"compatibilite_smartphone","embeddable":true,"href":"https:\/\/stage.shop-cellularswiss.ch\/de\/wp-json\/wp\/v2\/compatibilite_smartphone?post=52178"}],"curies":[{"name":"wp","href":"https:\/\/api.w.org\/{rel}","templated":true}]}}