
{"id":52180,"date":"2021-03-20T11:28:46","date_gmt":"2021-03-20T13:11:52","guid":{"rendered":"https:\/\/stage.shop-cellularswiss.ch\/produit\/selfie-case-iphone-6s-6\/"},"modified":"2021-03-20T14:11:54","modified_gmt":"2021-03-20T13:11:54","slug":"selfie-case-iphone-6s-6","status":"publish","type":"product","link":"https:\/\/stage.shop-cellularswiss.ch\/de\/produit\/selfie-case-iphone-6s-6\/","title":{"rendered":"Selfie Case &#8211; iPhone 6S\/6"},"content":{"rendered":"<p>Die perfekte starre H\u00fclle f\u00fcr Leute, die gerne Selfies machen. Dank des Anti-Schock-Rahmens und der Oberfl\u00e4che aus Grip-Material, haftet die Selfie Case-H\u00fclle perfekt an Glasscheiben und Spiegeln an und so kann man die vordere Kamera des Smartphones ganz einfach verwenden, um fantastische Selfies alleine oder in Begleitung von Freunden zu schie\u00dfen. Der Glitzereffekt des bunten Glitters greift die Farben des Smartphones auf und macht Selfie Case zur unentbehrlichen H\u00fclle f\u00fcr all diejenigen, die einen guten Stil pflegen. W\u00e4hle die perfekte Farbe f\u00fcr dein iPhone aus und mache alle Selfies, die du m\u00f6chtest.<\/p>\n","protected":false},"excerpt":{"rendered":"<p>H\u00fclle f\u00fcr Selfies<\/p>\n","protected":false},"featured_media":54374,"comment_status":"closed","ping_status":"closed","template":"","meta":{"_et_pb_use_builder":"","_et_pb_old_content":"","_et_gb_content_width":""},"pwb-brand":[],"product_cat":[542,559],"product_tag":[],"compatibilite":[],"compatibilite_smartphone":[],"brands":[],"_links":{"self":[{"href":"https:\/\/stage.shop-cellularswiss.ch\/de\/wp-json\/wp\/v2\/product\/52180"}],"collection":[{"href":"https:\/\/stage.shop-cellularswiss.ch\/de\/wp-json\/wp\/v2\/product"}],"about":[{"href":"https:\/\/stage.shop-cellularswiss.ch\/de\/wp-json\/wp\/v2\/types\/product"}],"replies":[{"embeddable":true,"href":"https:\/\/stage.shop-cellularswiss.ch\/de\/wp-json\/wp\/v2\/comments?post=52180"}],"wp:featuredmedia":[{"embeddable":true,"href":"https:\/\/stage.shop-cellularswiss.ch\/de\/wp-json\/wp\/v2\/media\/54374"}],"wp:attachment":[{"href":"https:\/\/stage.shop-cellularswiss.ch\/de\/wp-json\/wp\/v2\/media?parent=52180"}],"wp:term":[{"taxonomy":"pwb-brand","embeddable":true,"href":"https:\/\/stage.shop-cellularswiss.ch\/de\/wp-json\/wp\/v2\/pwb-brand?post=52180"},{"taxonomy":"product_cat","embeddable":true,"href":"https:\/\/stage.shop-cellularswiss.ch\/de\/wp-json\/wp\/v2\/product_cat?post=52180"},{"taxonomy":"product_tag","embeddable":true,"href":"https:\/\/stage.shop-cellularswiss.ch\/de\/wp-json\/wp\/v2\/product_tag?post=52180"},{"taxonomy":"compatibilite","embeddable":true,"href":"https:\/\/stage.shop-cellularswiss.ch\/de\/wp-json\/wp\/v2\/compatibilite?post=52180"},{"taxonomy":"compatibilite_smartphone","embeddable":true,"href":"https:\/\/stage.shop-cellularswiss.ch\/de\/wp-json\/wp\/v2\/compatibilite_smartphone?post=52180"}],"curies":[{"name":"wp","href":"https:\/\/api.w.org\/{rel}","templated":true}]}}