
{"id":52223,"date":"2021-03-20T11:30:29","date_gmt":"2021-03-20T13:13:04","guid":{"rendered":"https:\/\/stage.shop-cellularswiss.ch\/produit\/sensation-iphone-12-12-pro\/"},"modified":"2021-08-23T17:04:21","modified_gmt":"2021-08-23T15:04:21","slug":"sensation-iphone-12-12-pro","status":"publish","type":"product","link":"https:\/\/stage.shop-cellularswiss.ch\/de\/produit\/sensation-iphone-12-12-pro\/","title":{"rendered":"Sensation &#8211; iPhone 12 \/ 12 Pro"},"content":{"rendered":"<p>Sensation ist die Silikonschutzh\u00fclle, die sich perfekt dem Design des Smartphones anpasst und dessen Ecken, Kanten und \u00d6ffnungen vollst\u00e4ndig sch\u00fctzt. Die aus sich angenehm anzuf\u00fchlendem Soft-Touch-Material gefertigte Schutzh\u00fclle Sensation ist innen mit vor Kratzern sch\u00fctzenden Mikrofasern verkleidet und sch\u00fctzt das Telefon auf diskrete, elegante und farbenfrohe Weise.<\/p>\n","protected":false},"excerpt":{"rendered":"<p>Soft-Touch-Schutzh\u00fclle aus Silikon<\/p>\n","protected":false},"featured_media":61918,"comment_status":"closed","ping_status":"closed","template":"","meta":{"_et_pb_use_builder":"","_et_pb_old_content":"","_et_gb_content_width":""},"pwb-brand":[],"product_cat":[542,559],"product_tag":[],"compatibilite":[],"compatibilite_smartphone":[4446,4445],"brands":[],"_links":{"self":[{"href":"https:\/\/stage.shop-cellularswiss.ch\/de\/wp-json\/wp\/v2\/product\/52223"}],"collection":[{"href":"https:\/\/stage.shop-cellularswiss.ch\/de\/wp-json\/wp\/v2\/product"}],"about":[{"href":"https:\/\/stage.shop-cellularswiss.ch\/de\/wp-json\/wp\/v2\/types\/product"}],"replies":[{"embeddable":true,"href":"https:\/\/stage.shop-cellularswiss.ch\/de\/wp-json\/wp\/v2\/comments?post=52223"}],"wp:featuredmedia":[{"embeddable":true,"href":"https:\/\/stage.shop-cellularswiss.ch\/de\/wp-json\/wp\/v2\/media\/61918"}],"wp:attachment":[{"href":"https:\/\/stage.shop-cellularswiss.ch\/de\/wp-json\/wp\/v2\/media?parent=52223"}],"wp:term":[{"taxonomy":"pwb-brand","embeddable":true,"href":"https:\/\/stage.shop-cellularswiss.ch\/de\/wp-json\/wp\/v2\/pwb-brand?post=52223"},{"taxonomy":"product_cat","embeddable":true,"href":"https:\/\/stage.shop-cellularswiss.ch\/de\/wp-json\/wp\/v2\/product_cat?post=52223"},{"taxonomy":"product_tag","embeddable":true,"href":"https:\/\/stage.shop-cellularswiss.ch\/de\/wp-json\/wp\/v2\/product_tag?post=52223"},{"taxonomy":"compatibilite","embeddable":true,"href":"https:\/\/stage.shop-cellularswiss.ch\/de\/wp-json\/wp\/v2\/compatibilite?post=52223"},{"taxonomy":"compatibilite_smartphone","embeddable":true,"href":"https:\/\/stage.shop-cellularswiss.ch\/de\/wp-json\/wp\/v2\/compatibilite_smartphone?post=52223"}],"curies":[{"name":"wp","href":"https:\/\/api.w.org\/{rel}","templated":true}]}}