
{"id":52264,"date":"2021-03-20T11:32:01","date_gmt":"2021-03-20T13:14:12","guid":{"rendered":"https:\/\/stage.shop-cellularswiss.ch\/produit\/sensible-pen-universal\/"},"modified":"2022-04-11T10:58:24","modified_gmt":"2022-04-11T08:58:24","slug":"sensible-pen-universal","status":"publish","type":"product","link":"https:\/\/stage.shop-cellularswiss.ch\/de\/produit\/sensible-pen-universal\/","title":{"rendered":"Sensible Pen &#8211; Universal"},"content":{"rendered":"<p>Touchscreen-Stift, der eine h\u00f6here Pr\u00e4zision beim Schreiben, Spielen und Zeichnen erm\u00f6glicht.<\/p>\n","protected":false},"excerpt":{"rendered":"<p>Touchscreen-Stift f\u00fcr maximale Pr\u00e4zision<\/p>\n","protected":false},"featured_media":62696,"comment_status":"closed","ping_status":"closed","template":"","meta":{"_et_pb_use_builder":"","_et_pb_old_content":"","_et_gb_content_width":""},"pwb-brand":[],"product_cat":[3845,1781],"product_tag":[],"compatibilite":[],"compatibilite_smartphone":[4369,4363,4370,4354,4376,4355,4383,4368,4373,4381,4382,4361,4450,4378,4356,4359,4377,4364,4379,4353,4374,4372,4449,4447,4448,4358,4371,4367,4385,4388,4386,4402,4396,4394,4404,4395,4398,4393,4412,4397],"brands":[],"_links":{"self":[{"href":"https:\/\/stage.shop-cellularswiss.ch\/de\/wp-json\/wp\/v2\/product\/52264"}],"collection":[{"href":"https:\/\/stage.shop-cellularswiss.ch\/de\/wp-json\/wp\/v2\/product"}],"about":[{"href":"https:\/\/stage.shop-cellularswiss.ch\/de\/wp-json\/wp\/v2\/types\/product"}],"replies":[{"embeddable":true,"href":"https:\/\/stage.shop-cellularswiss.ch\/de\/wp-json\/wp\/v2\/comments?post=52264"}],"wp:featuredmedia":[{"embeddable":true,"href":"https:\/\/stage.shop-cellularswiss.ch\/de\/wp-json\/wp\/v2\/media\/62696"}],"wp:attachment":[{"href":"https:\/\/stage.shop-cellularswiss.ch\/de\/wp-json\/wp\/v2\/media?parent=52264"}],"wp:term":[{"taxonomy":"pwb-brand","embeddable":true,"href":"https:\/\/stage.shop-cellularswiss.ch\/de\/wp-json\/wp\/v2\/pwb-brand?post=52264"},{"taxonomy":"product_cat","embeddable":true,"href":"https:\/\/stage.shop-cellularswiss.ch\/de\/wp-json\/wp\/v2\/product_cat?post=52264"},{"taxonomy":"product_tag","embeddable":true,"href":"https:\/\/stage.shop-cellularswiss.ch\/de\/wp-json\/wp\/v2\/product_tag?post=52264"},{"taxonomy":"compatibilite","embeddable":true,"href":"https:\/\/stage.shop-cellularswiss.ch\/de\/wp-json\/wp\/v2\/compatibilite?post=52264"},{"taxonomy":"compatibilite_smartphone","embeddable":true,"href":"https:\/\/stage.shop-cellularswiss.ch\/de\/wp-json\/wp\/v2\/compatibilite_smartphone?post=52264"}],"curies":[{"name":"wp","href":"https:\/\/api.w.org\/{rel}","templated":true}]}}