
{"id":52276,"date":"2021-03-20T11:32:27","date_gmt":"2021-03-20T13:14:32","guid":{"rendered":"https:\/\/stage.shop-cellularswiss.ch\/produit\/shadow-iphone-se-2020-8-7\/"},"modified":"2021-03-20T14:14:36","modified_gmt":"2021-03-20T13:14:36","slug":"shadow-iphone-se-2020-8-7","status":"publish","type":"product","link":"https:\/\/stage.shop-cellularswiss.ch\/de\/produit\/shadow-iphone-se-2020-8-7\/","title":{"rendered":"Shadow &#8211; iPhone SE (2020)\/8\/7"},"content":{"rendered":"<p>Ultrad\u00fcnne Schutzh\u00fclle aus weichem Gummi. Das transparente Material in bunten Nuancen hinterl\u00e4sst einen bleibenden Eindruck. Zum Schutz des Smartphones mit einem individuellen Hauch von Farbe, ohne das Design zu verbergen.<\/p>\n","protected":false},"excerpt":{"rendered":"<p>Effektvolle Farbnuancen<\/p>\n","protected":false},"featured_media":55426,"comment_status":"closed","ping_status":"closed","template":"","meta":{"_et_pb_use_builder":"","_et_pb_old_content":"","_et_gb_content_width":""},"pwb-brand":[],"product_cat":[542,559],"product_tag":[],"compatibilite":[],"compatibilite_smartphone":[4449,4380,4440],"brands":[],"_links":{"self":[{"href":"https:\/\/stage.shop-cellularswiss.ch\/de\/wp-json\/wp\/v2\/product\/52276"}],"collection":[{"href":"https:\/\/stage.shop-cellularswiss.ch\/de\/wp-json\/wp\/v2\/product"}],"about":[{"href":"https:\/\/stage.shop-cellularswiss.ch\/de\/wp-json\/wp\/v2\/types\/product"}],"replies":[{"embeddable":true,"href":"https:\/\/stage.shop-cellularswiss.ch\/de\/wp-json\/wp\/v2\/comments?post=52276"}],"wp:featuredmedia":[{"embeddable":true,"href":"https:\/\/stage.shop-cellularswiss.ch\/de\/wp-json\/wp\/v2\/media\/55426"}],"wp:attachment":[{"href":"https:\/\/stage.shop-cellularswiss.ch\/de\/wp-json\/wp\/v2\/media?parent=52276"}],"wp:term":[{"taxonomy":"pwb-brand","embeddable":true,"href":"https:\/\/stage.shop-cellularswiss.ch\/de\/wp-json\/wp\/v2\/pwb-brand?post=52276"},{"taxonomy":"product_cat","embeddable":true,"href":"https:\/\/stage.shop-cellularswiss.ch\/de\/wp-json\/wp\/v2\/product_cat?post=52276"},{"taxonomy":"product_tag","embeddable":true,"href":"https:\/\/stage.shop-cellularswiss.ch\/de\/wp-json\/wp\/v2\/product_tag?post=52276"},{"taxonomy":"compatibilite","embeddable":true,"href":"https:\/\/stage.shop-cellularswiss.ch\/de\/wp-json\/wp\/v2\/compatibilite?post=52276"},{"taxonomy":"compatibilite_smartphone","embeddable":true,"href":"https:\/\/stage.shop-cellularswiss.ch\/de\/wp-json\/wp\/v2\/compatibilite_smartphone?post=52276"}],"curies":[{"name":"wp","href":"https:\/\/api.w.org\/{rel}","templated":true}]}}