
{"id":52279,"date":"2021-03-20T11:32:33","date_gmt":"2021-03-20T13:14:35","guid":{"rendered":"https:\/\/stage.shop-cellularswiss.ch\/produit\/sheer\/"},"modified":"2021-03-20T14:14:44","modified_gmt":"2021-03-20T13:14:44","slug":"sheer","status":"publish","type":"product","link":"https:\/\/stage.shop-cellularswiss.ch\/de\/produit\/sheer\/","title":{"rendered":"SHEER"},"content":{"rendered":"<p>SHEER ist das komplett drahtlose Headset, ideal f\u00fcr alle, die einen sauberen und kristallklaren Klang sowie Bewegungsfreiheit suchen. Mit der Technologie ANC werden Benutzer \u00fcber ein Mikrofon, das die Au\u00dfenger\u00e4usche erkennt und unterdr\u00fcckt, von der Umgebung abgeschottet und k\u00f6nnen so mit weniger l\u00e4stigen Hintergrundger\u00e4uschen Musik h\u00f6ren und Gespr\u00e4che f\u00fchren. Mit der Ladeschutzh\u00fclle kann das Headset bis zu 3 Mal geladen werden, was einer Gesamt-Wiedergabedauer von mehr als 25 Stunden entspricht. Dar\u00fcber hinaus erm\u00f6glicht eine 5-min\u00fctige Ladezeit dank der Funktion Fast Charge 30 Minuten Wiedergabezeit. Die Verpackung enth\u00e4lt ein USB-C-Ladekabel und 6 St\u00f6psel aus Silikon in drei verschiedenen Gr\u00f6\u00dfen.<\/p>\n","protected":false},"excerpt":{"rendered":"<p>Drahtloses Bluetooth\u00ae-Stereo-Headset mit Ladeh\u00fclle und ANC-Funktion<\/p>\n","protected":false},"featured_media":62616,"comment_status":"closed","ping_status":"closed","template":"","meta":{"_et_pb_use_builder":"","_et_pb_old_content":"","_et_gb_content_width":""},"pwb-brand":[],"product_cat":[493,509,539],"product_tag":[],"compatibilite":[],"compatibilite_smartphone":[4366,4384,4365,4436,4443,4441,4417,4419,4420,4418,4437,4439,4438,4446,4442,4445,4444,4440,4358,4435,4433,4434,4385,4388,4386,4389,4387,4421,4402,4413,4406,4414,4405,4408,4403,4407,4404,4410,4422,4409,4427,4428,4423,4401,4400,4431,4425,4424,4393,4397,4416,4411,4426,4392,4391],"brands":[],"_links":{"self":[{"href":"https:\/\/stage.shop-cellularswiss.ch\/de\/wp-json\/wp\/v2\/product\/52279"}],"collection":[{"href":"https:\/\/stage.shop-cellularswiss.ch\/de\/wp-json\/wp\/v2\/product"}],"about":[{"href":"https:\/\/stage.shop-cellularswiss.ch\/de\/wp-json\/wp\/v2\/types\/product"}],"replies":[{"embeddable":true,"href":"https:\/\/stage.shop-cellularswiss.ch\/de\/wp-json\/wp\/v2\/comments?post=52279"}],"wp:featuredmedia":[{"embeddable":true,"href":"https:\/\/stage.shop-cellularswiss.ch\/de\/wp-json\/wp\/v2\/media\/62616"}],"wp:attachment":[{"href":"https:\/\/stage.shop-cellularswiss.ch\/de\/wp-json\/wp\/v2\/media?parent=52279"}],"wp:term":[{"taxonomy":"pwb-brand","embeddable":true,"href":"https:\/\/stage.shop-cellularswiss.ch\/de\/wp-json\/wp\/v2\/pwb-brand?post=52279"},{"taxonomy":"product_cat","embeddable":true,"href":"https:\/\/stage.shop-cellularswiss.ch\/de\/wp-json\/wp\/v2\/product_cat?post=52279"},{"taxonomy":"product_tag","embeddable":true,"href":"https:\/\/stage.shop-cellularswiss.ch\/de\/wp-json\/wp\/v2\/product_tag?post=52279"},{"taxonomy":"compatibilite","embeddable":true,"href":"https:\/\/stage.shop-cellularswiss.ch\/de\/wp-json\/wp\/v2\/compatibilite?post=52279"},{"taxonomy":"compatibilite_smartphone","embeddable":true,"href":"https:\/\/stage.shop-cellularswiss.ch\/de\/wp-json\/wp\/v2\/compatibilite_smartphone?post=52279"}],"curies":[{"name":"wp","href":"https:\/\/api.w.org\/{rel}","templated":true}]}}