
{"id":52290,"date":"2021-03-20T11:33:00","date_gmt":"2021-03-20T13:14:57","guid":{"rendered":"https:\/\/stage.shop-cellularswiss.ch\/produit\/slide-click-s-misure-max-telefono-70mm-140mm\/"},"modified":"2021-03-20T14:14:58","modified_gmt":"2021-03-20T13:14:58","slug":"slide-click-s-misure-max-telefono-70mm-140mm","status":"publish","type":"product","link":"https:\/\/stage.shop-cellularswiss.ch\/de\/produit\/slide-click-s-misure-max-telefono-70mm-140mm\/","title":{"rendered":"Slide &#038; Click &#8211; S: (Misure max telefono: 70mm * 140mm)"},"content":{"rendered":"<p>Slide &#038; Click ist die multikompatible Schutztasche im Book-Style mit Finish in Leder-Optik. Sie verf\u00fcgt \u00fcber eine praktische verstellbare Steckbefestigung, dank der das Smartphone sicher in der Schutztasche untergebracht werden kann. Dank dem Faltensystem an der R\u00fcckseite hat man bei der Schutztasche Slide &#038; Click jederzeit unmittelbaren Zugang zur Kamera, ohne das Smartphone herauszunehmen. Die Kartenf\u00e4cher sorgen f\u00fcr einen praktischen und bequemen Gebrauch. Daher ist das Produkt bestens geeignet f\u00fcr alle, die gleichzeitig eine einfache aber vollst\u00e4ndige Schutztasche suchen.<\/p>\n","protected":false},"excerpt":{"rendered":"<p>Multikompatible Leder-Effekt-Schutztasche im Book-Style<\/p>\n","protected":false},"featured_media":54350,"comment_status":"closed","ping_status":"closed","template":"","meta":{"_et_pb_use_builder":"","_et_pb_old_content":"","_et_gb_content_width":""},"pwb-brand":[],"product_cat":[542,559],"product_tag":[],"compatibilite":[],"compatibilite_smartphone":[],"brands":[],"_links":{"self":[{"href":"https:\/\/stage.shop-cellularswiss.ch\/de\/wp-json\/wp\/v2\/product\/52290"}],"collection":[{"href":"https:\/\/stage.shop-cellularswiss.ch\/de\/wp-json\/wp\/v2\/product"}],"about":[{"href":"https:\/\/stage.shop-cellularswiss.ch\/de\/wp-json\/wp\/v2\/types\/product"}],"replies":[{"embeddable":true,"href":"https:\/\/stage.shop-cellularswiss.ch\/de\/wp-json\/wp\/v2\/comments?post=52290"}],"wp:featuredmedia":[{"embeddable":true,"href":"https:\/\/stage.shop-cellularswiss.ch\/de\/wp-json\/wp\/v2\/media\/54350"}],"wp:attachment":[{"href":"https:\/\/stage.shop-cellularswiss.ch\/de\/wp-json\/wp\/v2\/media?parent=52290"}],"wp:term":[{"taxonomy":"pwb-brand","embeddable":true,"href":"https:\/\/stage.shop-cellularswiss.ch\/de\/wp-json\/wp\/v2\/pwb-brand?post=52290"},{"taxonomy":"product_cat","embeddable":true,"href":"https:\/\/stage.shop-cellularswiss.ch\/de\/wp-json\/wp\/v2\/product_cat?post=52290"},{"taxonomy":"product_tag","embeddable":true,"href":"https:\/\/stage.shop-cellularswiss.ch\/de\/wp-json\/wp\/v2\/product_tag?post=52290"},{"taxonomy":"compatibilite","embeddable":true,"href":"https:\/\/stage.shop-cellularswiss.ch\/de\/wp-json\/wp\/v2\/compatibilite?post=52290"},{"taxonomy":"compatibilite_smartphone","embeddable":true,"href":"https:\/\/stage.shop-cellularswiss.ch\/de\/wp-json\/wp\/v2\/compatibilite_smartphone?post=52290"}],"curies":[{"name":"wp","href":"https:\/\/api.w.org\/{rel}","templated":true}]}}