
{"id":52294,"date":"2021-03-20T14:15:03","date_gmt":"2021-03-20T13:15:03","guid":{"rendered":"https:\/\/stage.shop-cellularswiss.ch\/produit\/slide-snap-s-misure-max-telefono-70mm-140mm\/"},"modified":"2021-03-20T14:15:05","modified_gmt":"2021-03-20T13:15:05","slug":"slide-snap-s-misure-max-telefono-70mm-140mm","status":"publish","type":"product","link":"https:\/\/stage.shop-cellularswiss.ch\/de\/produit\/slide-snap-s-misure-max-telefono-70mm-140mm\/","title":{"rendered":"Slide &#038; Snap &#8211; S: (Misure max telefono: 70mm * 140mm)"},"content":{"rendered":"<p>Slide &#038; Snap ist eine multikompatible Schutztasche im Book-Style mit Finish in Leder-Optik, Magnetverschluss und Kartenf\u00e4chern, die sich ideal f\u00fcr alle Nutzer eignet, die auf einfache und intuitive Weise Fotos und Videos aufnehmen m\u00f6chten. Dank des Easy Shot Systems kann man sofort auf die Kamera zugreifen, indem man einfach die R\u00fcckseite der Schutztasche \u00f6ffnet \u2013 ohne dabei das Smartphone herausnehmen zu m\u00fcssen \u2013 und die praktische verstellbare Steckbefestigung garantiert maximale Stabilit\u00e4t f\u00fcr das Telefon.<\/p>\n","protected":false},"excerpt":{"rendered":"<p>Schutztasche im Book-Style mit Easy Shot System<\/p>\n","protected":false},"featured_media":55394,"comment_status":"closed","ping_status":"open","template":"","meta":{"_et_pb_use_builder":"","_et_pb_old_content":"","_et_gb_content_width":""},"pwb-brand":[],"product_cat":[542,559],"product_tag":[],"compatibilite":[],"compatibilite_smartphone":[4449,4380],"brands":[],"_links":{"self":[{"href":"https:\/\/stage.shop-cellularswiss.ch\/de\/wp-json\/wp\/v2\/product\/52294"}],"collection":[{"href":"https:\/\/stage.shop-cellularswiss.ch\/de\/wp-json\/wp\/v2\/product"}],"about":[{"href":"https:\/\/stage.shop-cellularswiss.ch\/de\/wp-json\/wp\/v2\/types\/product"}],"replies":[{"embeddable":true,"href":"https:\/\/stage.shop-cellularswiss.ch\/de\/wp-json\/wp\/v2\/comments?post=52294"}],"wp:featuredmedia":[{"embeddable":true,"href":"https:\/\/stage.shop-cellularswiss.ch\/de\/wp-json\/wp\/v2\/media\/55394"}],"wp:attachment":[{"href":"https:\/\/stage.shop-cellularswiss.ch\/de\/wp-json\/wp\/v2\/media?parent=52294"}],"wp:term":[{"taxonomy":"pwb-brand","embeddable":true,"href":"https:\/\/stage.shop-cellularswiss.ch\/de\/wp-json\/wp\/v2\/pwb-brand?post=52294"},{"taxonomy":"product_cat","embeddable":true,"href":"https:\/\/stage.shop-cellularswiss.ch\/de\/wp-json\/wp\/v2\/product_cat?post=52294"},{"taxonomy":"product_tag","embeddable":true,"href":"https:\/\/stage.shop-cellularswiss.ch\/de\/wp-json\/wp\/v2\/product_tag?post=52294"},{"taxonomy":"compatibilite","embeddable":true,"href":"https:\/\/stage.shop-cellularswiss.ch\/de\/wp-json\/wp\/v2\/compatibilite?post=52294"},{"taxonomy":"compatibilite_smartphone","embeddable":true,"href":"https:\/\/stage.shop-cellularswiss.ch\/de\/wp-json\/wp\/v2\/compatibilite_smartphone?post=52294"}],"curies":[{"name":"wp","href":"https:\/\/api.w.org\/{rel}","templated":true}]}}