
{"id":52295,"date":"2021-03-20T11:33:11","date_gmt":"2021-03-20T13:15:03","guid":{"rendered":"https:\/\/stage.shop-cellularswiss.ch\/produit\/slide-air-vents-holder-universal\/"},"modified":"2021-03-20T14:15:07","modified_gmt":"2021-03-20T13:15:07","slug":"slide-air-vents-holder-universal","status":"publish","type":"product","link":"https:\/\/stage.shop-cellularswiss.ch\/de\/produit\/slide-air-vents-holder-universal\/","title":{"rendered":"Slide Air Vents Holder &#8211; Universal"},"content":{"rendered":"<p>SLIDE Air Vents Holder ist die Smartphone-Halterung f\u00fcr das Auto mit erleichtertem mechanischen Einsetz- und Herausnahme-System: die Halterung \u00f6ffnet und schlie\u00dft sich automatisch \u00fcber das Gewicht des Smartphones! Der praktische und bequeme SLIDE Air Vents Holder ist eine besonders solide Halterung, die das Smartphone an drei Seiten umschlie\u00dft. Die Befestigung am Auto erfolgt an den L\u00fcftungsd\u00fcsen (mit Ausnahme der runden).<\/p>\n","protected":false},"excerpt":{"rendered":"<p>Smartphonehalterung mit Befestigung f\u00fcr die L\u00fcftungsd\u00fcsen im Auto<\/p>\n","protected":false},"featured_media":37696,"comment_status":"closed","ping_status":"closed","template":"","meta":{"_et_pb_use_builder":"","_et_pb_old_content":"","_et_gb_content_width":""},"pwb-brand":[],"product_cat":[3853,1781],"product_tag":[],"compatibilite":[],"compatibilite_smartphone":[],"brands":[],"_links":{"self":[{"href":"https:\/\/stage.shop-cellularswiss.ch\/de\/wp-json\/wp\/v2\/product\/52295"}],"collection":[{"href":"https:\/\/stage.shop-cellularswiss.ch\/de\/wp-json\/wp\/v2\/product"}],"about":[{"href":"https:\/\/stage.shop-cellularswiss.ch\/de\/wp-json\/wp\/v2\/types\/product"}],"replies":[{"embeddable":true,"href":"https:\/\/stage.shop-cellularswiss.ch\/de\/wp-json\/wp\/v2\/comments?post=52295"}],"wp:featuredmedia":[{"embeddable":true,"href":"https:\/\/stage.shop-cellularswiss.ch\/de\/wp-json\/wp\/v2\/media\/37696"}],"wp:attachment":[{"href":"https:\/\/stage.shop-cellularswiss.ch\/de\/wp-json\/wp\/v2\/media?parent=52295"}],"wp:term":[{"taxonomy":"pwb-brand","embeddable":true,"href":"https:\/\/stage.shop-cellularswiss.ch\/de\/wp-json\/wp\/v2\/pwb-brand?post=52295"},{"taxonomy":"product_cat","embeddable":true,"href":"https:\/\/stage.shop-cellularswiss.ch\/de\/wp-json\/wp\/v2\/product_cat?post=52295"},{"taxonomy":"product_tag","embeddable":true,"href":"https:\/\/stage.shop-cellularswiss.ch\/de\/wp-json\/wp\/v2\/product_tag?post=52295"},{"taxonomy":"compatibilite","embeddable":true,"href":"https:\/\/stage.shop-cellularswiss.ch\/de\/wp-json\/wp\/v2\/compatibilite?post=52295"},{"taxonomy":"compatibilite_smartphone","embeddable":true,"href":"https:\/\/stage.shop-cellularswiss.ch\/de\/wp-json\/wp\/v2\/compatibilite_smartphone?post=52295"}],"curies":[{"name":"wp","href":"https:\/\/api.w.org\/{rel}","templated":true}]}}