
{"id":52299,"date":"2021-03-20T11:33:20","date_gmt":"2021-03-20T13:15:10","guid":{"rendered":"https:\/\/stage.shop-cellularswiss.ch\/produit\/smoky-quartz-iphone-12-pro-max\/"},"modified":"2021-03-20T14:15:14","modified_gmt":"2021-03-20T13:15:14","slug":"smoky-quartz-iphone-12-pro-max","status":"publish","type":"product","link":"https:\/\/stage.shop-cellularswiss.ch\/de\/produit\/smoky-quartz-iphone-12-pro-max\/","title":{"rendered":"Smoky Quartz &#8211; iPhone 12 Pro Max"},"content":{"rendered":"<p>Smoky Quartz ist die halbtransparente Schutzh\u00fclle, die dank des Gummirahmens, der die Kanten, Tasten und Buchsen des Telefons perfekt abdeckt, den besten Schutz bietet, ohne das Design zu ver\u00e4ndern. Der rote Einschaltknopf ist das unverwechselbare Merkmal dieser Schutzh\u00fclle, die dem Ger\u00e4t einen einzigartigen Stil verleiht.<\/p>\n","protected":false},"excerpt":{"rendered":"<p>Halbtransparente starre Schutzh\u00fclle mit Rahmen aus Gummi<\/p>\n","protected":false},"featured_media":61938,"comment_status":"closed","ping_status":"closed","template":"","meta":{"_et_pb_use_builder":"","_et_pb_old_content":"","_et_gb_content_width":""},"pwb-brand":[],"product_cat":[542,559],"product_tag":[],"compatibilite":[],"compatibilite_smartphone":[4444],"brands":[],"_links":{"self":[{"href":"https:\/\/stage.shop-cellularswiss.ch\/de\/wp-json\/wp\/v2\/product\/52299"}],"collection":[{"href":"https:\/\/stage.shop-cellularswiss.ch\/de\/wp-json\/wp\/v2\/product"}],"about":[{"href":"https:\/\/stage.shop-cellularswiss.ch\/de\/wp-json\/wp\/v2\/types\/product"}],"replies":[{"embeddable":true,"href":"https:\/\/stage.shop-cellularswiss.ch\/de\/wp-json\/wp\/v2\/comments?post=52299"}],"wp:featuredmedia":[{"embeddable":true,"href":"https:\/\/stage.shop-cellularswiss.ch\/de\/wp-json\/wp\/v2\/media\/61938"}],"wp:attachment":[{"href":"https:\/\/stage.shop-cellularswiss.ch\/de\/wp-json\/wp\/v2\/media?parent=52299"}],"wp:term":[{"taxonomy":"pwb-brand","embeddable":true,"href":"https:\/\/stage.shop-cellularswiss.ch\/de\/wp-json\/wp\/v2\/pwb-brand?post=52299"},{"taxonomy":"product_cat","embeddable":true,"href":"https:\/\/stage.shop-cellularswiss.ch\/de\/wp-json\/wp\/v2\/product_cat?post=52299"},{"taxonomy":"product_tag","embeddable":true,"href":"https:\/\/stage.shop-cellularswiss.ch\/de\/wp-json\/wp\/v2\/product_tag?post=52299"},{"taxonomy":"compatibilite","embeddable":true,"href":"https:\/\/stage.shop-cellularswiss.ch\/de\/wp-json\/wp\/v2\/compatibilite?post=52299"},{"taxonomy":"compatibilite_smartphone","embeddable":true,"href":"https:\/\/stage.shop-cellularswiss.ch\/de\/wp-json\/wp\/v2\/compatibilite_smartphone?post=52299"}],"curies":[{"name":"wp","href":"https:\/\/api.w.org\/{rel}","templated":true}]}}