
{"id":52304,"date":"2021-03-20T11:33:31","date_gmt":"2021-03-20T13:15:20","guid":{"rendered":"https:\/\/stage.shop-cellularswiss.ch\/produit\/sparkle\/"},"modified":"2021-03-20T14:15:25","modified_gmt":"2021-03-20T13:15:25","slug":"sparkle","status":"publish","type":"product","link":"https:\/\/stage.shop-cellularswiss.ch\/de\/produit\/sparkle\/","title":{"rendered":"Sparkle"},"content":{"rendered":"<p>Sparkle ist der ideale Bluetooth\u00ae-Lautsprecher f\u00fcr alle, die einen kr\u00e4ftigen, definierten Klang w\u00fcnschen, der auch bei maximaler Lautst\u00e4rke frei von Verzerrungen ist. Dank des doppelten Lautsprechers und des \u201ePump Bass\u201c-Systems mit Passivmembran ist Sparkle die perfekte L\u00f6sung f\u00fcr alle, die einen Sound w\u00fcnschen, der reich an B\u00e4ssen ist. Die \u201eStreaming Top Sound Performance\u201c-Technologie macht ihn zum unentbehrlichen Audiozubeh\u00f6r f\u00fcr alle, die gerne Musik \u00fcber ihr Smartphone h\u00f6ren, w\u00e4hrend das \u201eClear Definition Speakerphone\u201c-System die Annahme von eingehenden Anrufen erm\u00f6glicht und eine hohe Gespr\u00e4chsqualit\u00e4t garantiert. Au\u00dferdem kann mit der in der Packung enthaltenen zweiten farbigen H\u00fclle der Stil des Lautsprechers f\u00fcr jede Gelegenheit personalisiert werden.<\/p>\n","protected":false},"excerpt":{"rendered":"<p>Dual Driver-Bluetooth\u00ae-Lautsprecher f\u00fcr kraftvolle und definierte B\u00e4sse<\/p>\n","protected":false},"featured_media":56174,"comment_status":"closed","ping_status":"closed","template":"","meta":{"_et_pb_use_builder":"","_et_pb_old_content":"","_et_gb_content_width":""},"pwb-brand":[],"product_cat":[472,484],"product_tag":[],"compatibilite":[],"compatibilite_smartphone":[4366,4384,4363,4370,4354,4365,4375,4376,4436,4443,4383,4441,4373,4381,4417,4419,4382,4420,4361,4418,4450,4437,4439,4438,4446,4442,4445,4444,4378,4356,4359,4377,4364,4379,4353,4374,4372,4449,4447,4380,4362,4448,4440,4358,4435,4433,4434,4367,4385,4388,4386,4389,4387,4421,4390,4415,4402,4413,4396,4406,4414,4405,4408,4394,4403,4407,4404,4410,4395,4422,4409,4399,4427,4428,4423,4401,4400,4431,4425,4424,4429,4430,4393,4412,4397,4416,4411,4426,4392,4391],"brands":[],"_links":{"self":[{"href":"https:\/\/stage.shop-cellularswiss.ch\/de\/wp-json\/wp\/v2\/product\/52304"}],"collection":[{"href":"https:\/\/stage.shop-cellularswiss.ch\/de\/wp-json\/wp\/v2\/product"}],"about":[{"href":"https:\/\/stage.shop-cellularswiss.ch\/de\/wp-json\/wp\/v2\/types\/product"}],"replies":[{"embeddable":true,"href":"https:\/\/stage.shop-cellularswiss.ch\/de\/wp-json\/wp\/v2\/comments?post=52304"}],"wp:featuredmedia":[{"embeddable":true,"href":"https:\/\/stage.shop-cellularswiss.ch\/de\/wp-json\/wp\/v2\/media\/56174"}],"wp:attachment":[{"href":"https:\/\/stage.shop-cellularswiss.ch\/de\/wp-json\/wp\/v2\/media?parent=52304"}],"wp:term":[{"taxonomy":"pwb-brand","embeddable":true,"href":"https:\/\/stage.shop-cellularswiss.ch\/de\/wp-json\/wp\/v2\/pwb-brand?post=52304"},{"taxonomy":"product_cat","embeddable":true,"href":"https:\/\/stage.shop-cellularswiss.ch\/de\/wp-json\/wp\/v2\/product_cat?post=52304"},{"taxonomy":"product_tag","embeddable":true,"href":"https:\/\/stage.shop-cellularswiss.ch\/de\/wp-json\/wp\/v2\/product_tag?post=52304"},{"taxonomy":"compatibilite","embeddable":true,"href":"https:\/\/stage.shop-cellularswiss.ch\/de\/wp-json\/wp\/v2\/compatibilite?post=52304"},{"taxonomy":"compatibilite_smartphone","embeddable":true,"href":"https:\/\/stage.shop-cellularswiss.ch\/de\/wp-json\/wp\/v2\/compatibilite_smartphone?post=52304"}],"curies":[{"name":"wp","href":"https:\/\/api.w.org\/{rel}","templated":true}]}}