
{"id":52310,"date":"2021-03-20T11:33:45","date_gmt":"2021-03-20T13:15:30","guid":{"rendered":"https:\/\/stage.shop-cellularswiss.ch\/produit\/sport-boost-charge\/"},"modified":"2021-03-20T14:15:32","modified_gmt":"2021-03-20T13:15:32","slug":"sport-boost-charge","status":"publish","type":"product","link":"https:\/\/stage.shop-cellularswiss.ch\/de\/produit\/sport-boost-charge\/","title":{"rendered":"SPORT BOOST CHARGE"},"content":{"rendered":"<p>Sport Boost Charge sind die idealen Bluetooth\u00ae-Headsets f\u00fcr sportliche Bet\u00e4tigungen. Die biegsamen B\u00fcgel sorgen f\u00fcr Komfort und Stabilit\u00e4t, und die Batterie mit langer Laufzeit erm\u00f6glicht selbst l\u00e4ngste Trainingseinheiten. Nach Abschluss des Trainings kann das Headset praktisch und bequem in die Ladeschutzh\u00fclle zur\u00fcckgelegt werden. Die IPx7 Zertifizierung weist aus, dass das Headset regen- und schwei\u00dffest sowie widerstandsf\u00e4hig beim Eintauchen ist.<\/p>\n","protected":false},"excerpt":{"rendered":"<p>Kabelloses In-Ear-Sport-Headset mit Ladeschutzh\u00fclle und biegsamen B\u00fcgeln<\/p>\n","protected":false},"featured_media":35861,"comment_status":"closed","ping_status":"closed","template":"","meta":{"_et_pb_use_builder":"","_et_pb_old_content":"","_et_gb_content_width":""},"pwb-brand":[],"product_cat":[472],"product_tag":[],"compatibilite":[],"compatibilite_smartphone":[4366,4384,4365,4436,4443,4441,4417,4419,4420,4418,4437,4439,4438,4446,4442,4445,4444,4440,4358,4435,4433,4434,4385,4388,4386,4389,4387,4421,4402,4413,4406,4414,4405,4408,4403,4407,4404,4410,4422,4409,4427,4428,4423,4401,4400,4431,4425,4424,4393,4397,4416,4411,4426,4392,4391],"brands":[],"_links":{"self":[{"href":"https:\/\/stage.shop-cellularswiss.ch\/de\/wp-json\/wp\/v2\/product\/52310"}],"collection":[{"href":"https:\/\/stage.shop-cellularswiss.ch\/de\/wp-json\/wp\/v2\/product"}],"about":[{"href":"https:\/\/stage.shop-cellularswiss.ch\/de\/wp-json\/wp\/v2\/types\/product"}],"replies":[{"embeddable":true,"href":"https:\/\/stage.shop-cellularswiss.ch\/de\/wp-json\/wp\/v2\/comments?post=52310"}],"wp:featuredmedia":[{"embeddable":true,"href":"https:\/\/stage.shop-cellularswiss.ch\/de\/wp-json\/wp\/v2\/media\/35861"}],"wp:attachment":[{"href":"https:\/\/stage.shop-cellularswiss.ch\/de\/wp-json\/wp\/v2\/media?parent=52310"}],"wp:term":[{"taxonomy":"pwb-brand","embeddable":true,"href":"https:\/\/stage.shop-cellularswiss.ch\/de\/wp-json\/wp\/v2\/pwb-brand?post=52310"},{"taxonomy":"product_cat","embeddable":true,"href":"https:\/\/stage.shop-cellularswiss.ch\/de\/wp-json\/wp\/v2\/product_cat?post=52310"},{"taxonomy":"product_tag","embeddable":true,"href":"https:\/\/stage.shop-cellularswiss.ch\/de\/wp-json\/wp\/v2\/product_tag?post=52310"},{"taxonomy":"compatibilite","embeddable":true,"href":"https:\/\/stage.shop-cellularswiss.ch\/de\/wp-json\/wp\/v2\/compatibilite?post=52310"},{"taxonomy":"compatibilite_smartphone","embeddable":true,"href":"https:\/\/stage.shop-cellularswiss.ch\/de\/wp-json\/wp\/v2\/compatibilite_smartphone?post=52310"}],"curies":[{"name":"wp","href":"https:\/\/api.w.org\/{rel}","templated":true}]}}