
{"id":52311,"date":"2021-03-20T11:33:47","date_gmt":"2021-03-20T13:15:30","guid":{"rendered":"https:\/\/stage.shop-cellularswiss.ch\/produit\/sport-bounce\/"},"modified":"2021-03-20T14:15:35","modified_gmt":"2021-03-20T13:15:35","slug":"sport-bounce","status":"publish","type":"product","link":"https:\/\/stage.shop-cellularswiss.ch\/de\/produit\/sport-bounce\/","title":{"rendered":"Sport Bounce"},"content":{"rendered":"<p>Sport Bounce ist ein leichtes und ultrastabiles Bluetooth-In-Ear-Headset mit praktischem Au\u00dfenb\u00fcgel, das ideal f\u00fcr lange Tragezeiten und zum bestm\u00f6glichen Erlebnis jedes Trainings in Begleitung der pers\u00f6nlichen Lieblingsmusik ist. Die 3 Kn\u00f6pfe am Headset erm\u00f6glichen die Benutzung der Universal-Fernbedienung und man kann jederzeit die Lautst\u00e4rke und Lieder w\u00e4hrend des Trainings praktisch und bequem einstellen, w\u00e4hrend die integrierte Rufannahmetaste die einfache und schnelle Annahme von auf dem Smartphone eingehenden Anrufen erm\u00f6glicht. Die IPX4-Zertifizierung garantiert Regen- und Schwei\u00dffestigkeit und macht das Sport Bounce Headset zum perfekten Begleiter aller Outdoor-Trainings, w\u00e4hrend die Streaming Top Sound Performance Technologie die Musikwiedergabe in optimaler Klangqualit\u00e4t auch beim Streaming erm\u00f6glicht. Die eigenen Trainingsziele zu erreichen, wird so noch viel einfacher.<\/p>\n","protected":false},"excerpt":{"rendered":"<p>Ultrastabiles In-Ear Stereo-Headset mit Bluetooth\u00ae, ideal f\u00fcr den Sport<\/p>\n","protected":false},"featured_media":56318,"comment_status":"closed","ping_status":"closed","template":"","meta":{"_et_pb_use_builder":"","_et_pb_old_content":"","_et_gb_content_width":""},"pwb-brand":[],"product_cat":[472],"product_tag":[],"compatibilite":[],"compatibilite_smartphone":[4366,4384,4363,4370,4354,4365,4375,4376,4436,4443,4383,4441,4373,4381,4417,4419,4382,4420,4361,4418,4450,4437,4439,4438,4446,4442,4445,4444,4378,4356,4359,4377,4364,4379,4353,4374,4372,4449,4447,4380,4362,4448,4440,4358,4435,4433,4434,4367,4385,4388,4386,4389,4387,4421,4390,4415,4402,4413,4396,4406,4414,4405,4408,4394,4403,4407,4404,4410,4395,4422,4409,4399,4427,4428,4423,4401,4400,4431,4425,4424,4429,4430,4393,4412,4397,4416,4411,4426,4392,4391],"brands":[],"_links":{"self":[{"href":"https:\/\/stage.shop-cellularswiss.ch\/de\/wp-json\/wp\/v2\/product\/52311"}],"collection":[{"href":"https:\/\/stage.shop-cellularswiss.ch\/de\/wp-json\/wp\/v2\/product"}],"about":[{"href":"https:\/\/stage.shop-cellularswiss.ch\/de\/wp-json\/wp\/v2\/types\/product"}],"replies":[{"embeddable":true,"href":"https:\/\/stage.shop-cellularswiss.ch\/de\/wp-json\/wp\/v2\/comments?post=52311"}],"wp:featuredmedia":[{"embeddable":true,"href":"https:\/\/stage.shop-cellularswiss.ch\/de\/wp-json\/wp\/v2\/media\/56318"}],"wp:attachment":[{"href":"https:\/\/stage.shop-cellularswiss.ch\/de\/wp-json\/wp\/v2\/media?parent=52311"}],"wp:term":[{"taxonomy":"pwb-brand","embeddable":true,"href":"https:\/\/stage.shop-cellularswiss.ch\/de\/wp-json\/wp\/v2\/pwb-brand?post=52311"},{"taxonomy":"product_cat","embeddable":true,"href":"https:\/\/stage.shop-cellularswiss.ch\/de\/wp-json\/wp\/v2\/product_cat?post=52311"},{"taxonomy":"product_tag","embeddable":true,"href":"https:\/\/stage.shop-cellularswiss.ch\/de\/wp-json\/wp\/v2\/product_tag?post=52311"},{"taxonomy":"compatibilite","embeddable":true,"href":"https:\/\/stage.shop-cellularswiss.ch\/de\/wp-json\/wp\/v2\/compatibilite?post=52311"},{"taxonomy":"compatibilite_smartphone","embeddable":true,"href":"https:\/\/stage.shop-cellularswiss.ch\/de\/wp-json\/wp\/v2\/compatibilite_smartphone?post=52311"}],"curies":[{"name":"wp","href":"https:\/\/api.w.org\/{rel}","templated":true}]}}