
{"id":52313,"date":"2021-03-20T11:33:52","date_gmt":"2021-03-20T13:15:34","guid":{"rendered":"https:\/\/stage.shop-cellularswiss.ch\/produit\/sport-shake-universale\/"},"modified":"2021-03-20T14:15:38","modified_gmt":"2021-03-20T13:15:38","slug":"sport-shake-universale","status":"publish","type":"product","link":"https:\/\/stage.shop-cellularswiss.ch\/de\/produit\/sport-shake-universale\/","title":{"rendered":"Sport Shake &#8211; Universale"},"content":{"rendered":"<p>Sport Shake ist ein flexibles und stabiles Bluetooth-In-Ear-Headset mit Neckband und eignet sich ideal, um jedes Training bestm\u00f6glich mit der eigenen Lieblingsmusik zu erleben. Die praktischen Bedienelemente an der Ohrmuschel erm\u00f6glichen die bequeme und praktische Bedienung der Musikwiedergabe, w\u00e4hrend die In-Ear-Kapsel eine passive Isolierung vor externen Ger\u00e4uschen garantiert. Die IPX4-Zertifizierung garantiert Regen- und Schwei\u00dffestigkeit, weshalb Sport Shake die perfekten Headsets f\u00fcr jedes Outdoor-Training sind. Die innovative Streaming Top Sound Performance Technologie erm\u00f6glicht die Musikwiedergabe in optimaler Klangqualit\u00e4t auch beim Streaming. Die eigenen Trainingsziele zu erreichen, wird so noch viel einfacher.<\/p>\n","protected":false},"excerpt":{"rendered":"<p>In-Ear-Headset mit flexiblem B\u00fcgel, ideal f\u00fcr den Sport<\/p>\n","protected":false},"featured_media":54742,"comment_status":"closed","ping_status":"closed","template":"","meta":{"_et_pb_use_builder":"","_et_pb_old_content":"","_et_gb_content_width":""},"pwb-brand":[],"product_cat":[472],"product_tag":[],"compatibilite":[],"compatibilite_smartphone":[],"brands":[],"_links":{"self":[{"href":"https:\/\/stage.shop-cellularswiss.ch\/de\/wp-json\/wp\/v2\/product\/52313"}],"collection":[{"href":"https:\/\/stage.shop-cellularswiss.ch\/de\/wp-json\/wp\/v2\/product"}],"about":[{"href":"https:\/\/stage.shop-cellularswiss.ch\/de\/wp-json\/wp\/v2\/types\/product"}],"replies":[{"embeddable":true,"href":"https:\/\/stage.shop-cellularswiss.ch\/de\/wp-json\/wp\/v2\/comments?post=52313"}],"wp:featuredmedia":[{"embeddable":true,"href":"https:\/\/stage.shop-cellularswiss.ch\/de\/wp-json\/wp\/v2\/media\/54742"}],"wp:attachment":[{"href":"https:\/\/stage.shop-cellularswiss.ch\/de\/wp-json\/wp\/v2\/media?parent=52313"}],"wp:term":[{"taxonomy":"pwb-brand","embeddable":true,"href":"https:\/\/stage.shop-cellularswiss.ch\/de\/wp-json\/wp\/v2\/pwb-brand?post=52313"},{"taxonomy":"product_cat","embeddable":true,"href":"https:\/\/stage.shop-cellularswiss.ch\/de\/wp-json\/wp\/v2\/product_cat?post=52313"},{"taxonomy":"product_tag","embeddable":true,"href":"https:\/\/stage.shop-cellularswiss.ch\/de\/wp-json\/wp\/v2\/product_tag?post=52313"},{"taxonomy":"compatibilite","embeddable":true,"href":"https:\/\/stage.shop-cellularswiss.ch\/de\/wp-json\/wp\/v2\/compatibilite?post=52313"},{"taxonomy":"compatibilite_smartphone","embeddable":true,"href":"https:\/\/stage.shop-cellularswiss.ch\/de\/wp-json\/wp\/v2\/compatibilite_smartphone?post=52313"}],"curies":[{"name":"wp","href":"https:\/\/api.w.org\/{rel}","templated":true}]}}