
{"id":52314,"date":"2021-03-20T11:33:54","date_gmt":"2021-03-20T13:15:37","guid":{"rendered":"https:\/\/stage.shop-cellularswiss.ch\/produit\/sport-speed\/"},"modified":"2021-03-20T14:15:39","modified_gmt":"2021-03-20T13:15:39","slug":"sport-speed","status":"publish","type":"product","link":"https:\/\/stage.shop-cellularswiss.ch\/de\/produit\/sport-speed\/","title":{"rendered":"Sport Speed"},"content":{"rendered":"<p>Sport Speed ist das ideale Headset f\u00fcr alle, die leicht und bequem Sport treiben m\u00f6chten. Dank des innen liegenden B\u00fcgels und der In-Ear-Kapsel ist es stabil und leicht zugleich. Das mit der Zertifizierung IPX5 f\u00fcr Schutz vor Regen und Schwei\u00df ausgestattete Sport Speed ist der beste Begleiter f\u00fcr dein Training bei allen Witterungsverh\u00e4ltnissen.<\/p>\n","protected":false},"excerpt":{"rendered":"<p>Ultraleichtes In-Ear-Sport-Headset mit Bluetooth\u00ae<\/p>\n","protected":false},"featured_media":56989,"comment_status":"closed","ping_status":"closed","template":"","meta":{"_et_pb_use_builder":"","_et_pb_old_content":"","_et_gb_content_width":""},"pwb-brand":[],"product_cat":[472,539],"product_tag":[],"compatibilite":[],"compatibilite_smartphone":[],"brands":[],"_links":{"self":[{"href":"https:\/\/stage.shop-cellularswiss.ch\/de\/wp-json\/wp\/v2\/product\/52314"}],"collection":[{"href":"https:\/\/stage.shop-cellularswiss.ch\/de\/wp-json\/wp\/v2\/product"}],"about":[{"href":"https:\/\/stage.shop-cellularswiss.ch\/de\/wp-json\/wp\/v2\/types\/product"}],"replies":[{"embeddable":true,"href":"https:\/\/stage.shop-cellularswiss.ch\/de\/wp-json\/wp\/v2\/comments?post=52314"}],"wp:featuredmedia":[{"embeddable":true,"href":"https:\/\/stage.shop-cellularswiss.ch\/de\/wp-json\/wp\/v2\/media\/56989"}],"wp:attachment":[{"href":"https:\/\/stage.shop-cellularswiss.ch\/de\/wp-json\/wp\/v2\/media?parent=52314"}],"wp:term":[{"taxonomy":"pwb-brand","embeddable":true,"href":"https:\/\/stage.shop-cellularswiss.ch\/de\/wp-json\/wp\/v2\/pwb-brand?post=52314"},{"taxonomy":"product_cat","embeddable":true,"href":"https:\/\/stage.shop-cellularswiss.ch\/de\/wp-json\/wp\/v2\/product_cat?post=52314"},{"taxonomy":"product_tag","embeddable":true,"href":"https:\/\/stage.shop-cellularswiss.ch\/de\/wp-json\/wp\/v2\/product_tag?post=52314"},{"taxonomy":"compatibilite","embeddable":true,"href":"https:\/\/stage.shop-cellularswiss.ch\/de\/wp-json\/wp\/v2\/compatibilite?post=52314"},{"taxonomy":"compatibilite_smartphone","embeddable":true,"href":"https:\/\/stage.shop-cellularswiss.ch\/de\/wp-json\/wp\/v2\/compatibilite_smartphone?post=52314"}],"curies":[{"name":"wp","href":"https:\/\/api.w.org\/{rel}","templated":true}]}}