
{"id":52319,"date":"2021-03-20T11:34:05","date_gmt":"2021-03-20T13:15:44","guid":{"rendered":"https:\/\/stage.shop-cellularswiss.ch\/produit\/stardust-iphone-xs-x\/"},"modified":"2021-03-20T14:15:48","modified_gmt":"2021-03-20T13:15:48","slug":"stardust-iphone-xs-x","status":"publish","type":"product","link":"https:\/\/stage.shop-cellularswiss.ch\/de\/produit\/stardust-iphone-xs-x\/","title":{"rendered":"Stardust &#8211; iPhone XS\/X"},"content":{"rendered":"<p>Stardust ist eine Produktlinie aus starren Schutzh\u00fcllen mit Gummir\u00e4ndern, die dein Smartphone so richtig in Szene setzt: Zahlreiche bunte Glitterelemente, Pailletten und Perlen, die im Inneren der H\u00fclle schweben, erzeugen einen funkelnden Sternenstaub-Effekt. Die lustigen Aufschriften auf der Vorderseite der H\u00fclle verleihen dem Stil deines Smartphones noch mehr Pers\u00f6nlichkeit und Charakter. Sammle sie alle!<\/p>\n","protected":false},"excerpt":{"rendered":"<p>Starre Schutzh\u00fclle mit Gummir\u00e4ndern<\/p>\n","protected":false},"featured_media":55374,"comment_status":"closed","ping_status":"closed","template":"","meta":{"_et_pb_use_builder":"","_et_pb_old_content":"","_et_gb_content_width":""},"pwb-brand":[],"product_cat":[542,559],"product_tag":[],"compatibilite":[],"compatibilite_smartphone":[4358,4433],"brands":[],"_links":{"self":[{"href":"https:\/\/stage.shop-cellularswiss.ch\/de\/wp-json\/wp\/v2\/product\/52319"}],"collection":[{"href":"https:\/\/stage.shop-cellularswiss.ch\/de\/wp-json\/wp\/v2\/product"}],"about":[{"href":"https:\/\/stage.shop-cellularswiss.ch\/de\/wp-json\/wp\/v2\/types\/product"}],"replies":[{"embeddable":true,"href":"https:\/\/stage.shop-cellularswiss.ch\/de\/wp-json\/wp\/v2\/comments?post=52319"}],"wp:featuredmedia":[{"embeddable":true,"href":"https:\/\/stage.shop-cellularswiss.ch\/de\/wp-json\/wp\/v2\/media\/55374"}],"wp:attachment":[{"href":"https:\/\/stage.shop-cellularswiss.ch\/de\/wp-json\/wp\/v2\/media?parent=52319"}],"wp:term":[{"taxonomy":"pwb-brand","embeddable":true,"href":"https:\/\/stage.shop-cellularswiss.ch\/de\/wp-json\/wp\/v2\/pwb-brand?post=52319"},{"taxonomy":"product_cat","embeddable":true,"href":"https:\/\/stage.shop-cellularswiss.ch\/de\/wp-json\/wp\/v2\/product_cat?post=52319"},{"taxonomy":"product_tag","embeddable":true,"href":"https:\/\/stage.shop-cellularswiss.ch\/de\/wp-json\/wp\/v2\/product_tag?post=52319"},{"taxonomy":"compatibilite","embeddable":true,"href":"https:\/\/stage.shop-cellularswiss.ch\/de\/wp-json\/wp\/v2\/compatibilite?post=52319"},{"taxonomy":"compatibilite_smartphone","embeddable":true,"href":"https:\/\/stage.shop-cellularswiss.ch\/de\/wp-json\/wp\/v2\/compatibilite_smartphone?post=52319"}],"curies":[{"name":"wp","href":"https:\/\/api.w.org\/{rel}","templated":true}]}}