
{"id":52320,"date":"2021-03-20T11:34:07","date_gmt":"2021-03-20T13:15:47","guid":{"rendered":"https:\/\/stage.shop-cellularswiss.ch\/produit\/style-case-iphone-11\/"},"modified":"2021-03-20T14:15:49","modified_gmt":"2021-03-20T13:15:49","slug":"style-case-iphone-11","status":"publish","type":"product","link":"https:\/\/stage.shop-cellularswiss.ch\/de\/produit\/style-case-iphone-11\/","title":{"rendered":"Style Case &#8211; iPhone 11"},"content":{"rendered":"<p>Die Style Case-H\u00fcllen sind bestehen aus weichem und durchsichtigen Gummi mit so sch\u00f6nen Grafiken, dass man sie am liebsten alle sammeln m\u00f6chte. Die Style Case-H\u00fcllen eigenen sich perfekt, um das Smartphone mit einem Hauch an Phantasie und Stil zu personalisieren.<\/p>\n","protected":false},"excerpt":{"rendered":"<p>Durchsichtiges Geh\u00e4use aus weichem Gummi<\/p>\n","protected":false},"featured_media":61954,"comment_status":"closed","ping_status":"closed","template":"","meta":{"_et_pb_use_builder":"","_et_pb_old_content":"","_et_gb_content_width":""},"pwb-brand":[],"product_cat":[542,559],"product_tag":[],"compatibilite":[],"compatibilite_smartphone":[4437],"brands":[],"_links":{"self":[{"href":"https:\/\/stage.shop-cellularswiss.ch\/de\/wp-json\/wp\/v2\/product\/52320"}],"collection":[{"href":"https:\/\/stage.shop-cellularswiss.ch\/de\/wp-json\/wp\/v2\/product"}],"about":[{"href":"https:\/\/stage.shop-cellularswiss.ch\/de\/wp-json\/wp\/v2\/types\/product"}],"replies":[{"embeddable":true,"href":"https:\/\/stage.shop-cellularswiss.ch\/de\/wp-json\/wp\/v2\/comments?post=52320"}],"wp:featuredmedia":[{"embeddable":true,"href":"https:\/\/stage.shop-cellularswiss.ch\/de\/wp-json\/wp\/v2\/media\/61954"}],"wp:attachment":[{"href":"https:\/\/stage.shop-cellularswiss.ch\/de\/wp-json\/wp\/v2\/media?parent=52320"}],"wp:term":[{"taxonomy":"pwb-brand","embeddable":true,"href":"https:\/\/stage.shop-cellularswiss.ch\/de\/wp-json\/wp\/v2\/pwb-brand?post=52320"},{"taxonomy":"product_cat","embeddable":true,"href":"https:\/\/stage.shop-cellularswiss.ch\/de\/wp-json\/wp\/v2\/product_cat?post=52320"},{"taxonomy":"product_tag","embeddable":true,"href":"https:\/\/stage.shop-cellularswiss.ch\/de\/wp-json\/wp\/v2\/product_tag?post=52320"},{"taxonomy":"compatibilite","embeddable":true,"href":"https:\/\/stage.shop-cellularswiss.ch\/de\/wp-json\/wp\/v2\/compatibilite?post=52320"},{"taxonomy":"compatibilite_smartphone","embeddable":true,"href":"https:\/\/stage.shop-cellularswiss.ch\/de\/wp-json\/wp\/v2\/compatibilite_smartphone?post=52320"}],"curies":[{"name":"wp","href":"https:\/\/api.w.org\/{rel}","templated":true}]}}