
{"id":52321,"date":"2021-03-20T11:34:10","date_gmt":"2021-03-20T13:15:47","guid":{"rendered":"https:\/\/stage.shop-cellularswiss.ch\/?post_type=product&#038;p=52321"},"modified":"2021-03-20T14:15:52","modified_gmt":"2021-03-20T13:15:52","slug":"style-ring-universale","status":"publish","type":"product","link":"https:\/\/stage.shop-cellularswiss.ch\/de\/produit\/style-ring-universale\/","title":{"rendered":"Style Ring &#8211; Universale"},"content":{"rendered":"<p>Style Ring ist ein Ring f\u00fcr das Smartphone, der an der R\u00fcckseite des Telefons angebracht wird, um immer einen festen Griff unterwegs und beim Schie\u00dfen von Selfies zu haben. Extrem kompakt im zugeklappten Zustand, personalisiert Style Ring auf originelle und gleichzeitig diskrete Art und Weise das Smartphone. Dank der St\u00e4nderfunktion ist er das ideale Zubeh\u00f6r f\u00fcr all diejenigen, die Videos total bequem mit dem Smartphone ansehen m\u00f6chten.<\/p>\n","protected":false},"excerpt":{"rendered":"<p>Ring f\u00fcr einen festen Griff und perfekte Selfies<\/p>\n","protected":false},"featured_media":62443,"comment_status":"closed","ping_status":"closed","template":"","meta":{"_et_pb_use_builder":"","_et_pb_old_content":"","_et_gb_content_width":""},"pwb-brand":[],"product_cat":[544,542],"product_tag":[],"compatibilite":[],"compatibilite_smartphone":[],"brands":[],"_links":{"self":[{"href":"https:\/\/stage.shop-cellularswiss.ch\/de\/wp-json\/wp\/v2\/product\/52321"}],"collection":[{"href":"https:\/\/stage.shop-cellularswiss.ch\/de\/wp-json\/wp\/v2\/product"}],"about":[{"href":"https:\/\/stage.shop-cellularswiss.ch\/de\/wp-json\/wp\/v2\/types\/product"}],"replies":[{"embeddable":true,"href":"https:\/\/stage.shop-cellularswiss.ch\/de\/wp-json\/wp\/v2\/comments?post=52321"}],"wp:featuredmedia":[{"embeddable":true,"href":"https:\/\/stage.shop-cellularswiss.ch\/de\/wp-json\/wp\/v2\/media\/62443"}],"wp:attachment":[{"href":"https:\/\/stage.shop-cellularswiss.ch\/de\/wp-json\/wp\/v2\/media?parent=52321"}],"wp:term":[{"taxonomy":"pwb-brand","embeddable":true,"href":"https:\/\/stage.shop-cellularswiss.ch\/de\/wp-json\/wp\/v2\/pwb-brand?post=52321"},{"taxonomy":"product_cat","embeddable":true,"href":"https:\/\/stage.shop-cellularswiss.ch\/de\/wp-json\/wp\/v2\/product_cat?post=52321"},{"taxonomy":"product_tag","embeddable":true,"href":"https:\/\/stage.shop-cellularswiss.ch\/de\/wp-json\/wp\/v2\/product_tag?post=52321"},{"taxonomy":"compatibilite","embeddable":true,"href":"https:\/\/stage.shop-cellularswiss.ch\/de\/wp-json\/wp\/v2\/compatibilite?post=52321"},{"taxonomy":"compatibilite_smartphone","embeddable":true,"href":"https:\/\/stage.shop-cellularswiss.ch\/de\/wp-json\/wp\/v2\/compatibilite_smartphone?post=52321"}],"curies":[{"name":"wp","href":"https:\/\/api.w.org\/{rel}","templated":true}]}}