
{"id":52322,"date":"2021-03-20T11:34:12","date_gmt":"2021-03-20T13:15:51","guid":{"rendered":"https:\/\/stage.shop-cellularswiss.ch\/produit\/super-fast-charger-kit-pd-25w-usb-c-samsung-a70-a80-a90-note-10-note-10\/"},"modified":"2022-04-07T09:07:28","modified_gmt":"2022-04-07T07:07:28","slug":"super-fast-charger-kit-pd-25w-usb-c-samsung-a70-a80-a90-note-10-note-10","status":"publish","type":"product","link":"https:\/\/stage.shop-cellularswiss.ch\/de\/produit\/super-fast-charger-kit-pd-25w-usb-c-samsung-a70-a80-a90-note-10-note-10\/","title":{"rendered":"Super Fast Charger Kit PD 25W &#8211; USB-C &#8211; Samsung A70, A80, A90, Note 10, Note 10+"},"content":{"rendered":"<p>SUPER FAST CHARGER KIT PD 25W ist das ideale Netzladeger\u00e4t zum schnellstm\u00f6glichen und sicheren Aufladen aller mit der Ladetechnologie Super Fast Charge PD 25W kompatiblen und mit USB-C-Buchse ausgestatteten Samsung-Ger\u00e4te.* Das Kabel USB-C to USB-C mit einer L\u00e4nge von 100 cm im Lieferumfang erm\u00f6glicht das Laden und die Daten\u00fcbertragung. *Einige Samsung USB-C-Ger\u00e4te k\u00f6nnen noch schneller mit USB-C-Ladeger\u00e4ten mit 45 W geladen werden. Es gibt keinerlei Abmachung, Lizenz oder Verbindung zwischen Cellularline S.p.A. und den in den Texten und Bildern dieser Website angegebenen Markeninhabern und Namen. Alle Telefonmarken, -namen und -modelle sind Eigentum der jeweiligen Inhaber.<\/p>\n","protected":false},"excerpt":{"rendered":"<p>Netzladeger\u00e4t Super Fast Charge PD 25W mit USB-C to USB-C-Kabel<\/p>\n","protected":false},"featured_media":47466,"comment_status":"closed","ping_status":"closed","template":"","meta":{"_et_pb_use_builder":"","_et_pb_old_content":"","_et_gb_content_width":""},"pwb-brand":[],"product_cat":[4540,1781,1784],"product_tag":[],"compatibilite":[],"compatibilite_smartphone":[4404,4410,4422,4409,4427,4428,4423,4425,4424,4429,4430],"brands":[],"_links":{"self":[{"href":"https:\/\/stage.shop-cellularswiss.ch\/de\/wp-json\/wp\/v2\/product\/52322"}],"collection":[{"href":"https:\/\/stage.shop-cellularswiss.ch\/de\/wp-json\/wp\/v2\/product"}],"about":[{"href":"https:\/\/stage.shop-cellularswiss.ch\/de\/wp-json\/wp\/v2\/types\/product"}],"replies":[{"embeddable":true,"href":"https:\/\/stage.shop-cellularswiss.ch\/de\/wp-json\/wp\/v2\/comments?post=52322"}],"wp:featuredmedia":[{"embeddable":true,"href":"https:\/\/stage.shop-cellularswiss.ch\/de\/wp-json\/wp\/v2\/media\/47466"}],"wp:attachment":[{"href":"https:\/\/stage.shop-cellularswiss.ch\/de\/wp-json\/wp\/v2\/media?parent=52322"}],"wp:term":[{"taxonomy":"pwb-brand","embeddable":true,"href":"https:\/\/stage.shop-cellularswiss.ch\/de\/wp-json\/wp\/v2\/pwb-brand?post=52322"},{"taxonomy":"product_cat","embeddable":true,"href":"https:\/\/stage.shop-cellularswiss.ch\/de\/wp-json\/wp\/v2\/product_cat?post=52322"},{"taxonomy":"product_tag","embeddable":true,"href":"https:\/\/stage.shop-cellularswiss.ch\/de\/wp-json\/wp\/v2\/product_tag?post=52322"},{"taxonomy":"compatibilite","embeddable":true,"href":"https:\/\/stage.shop-cellularswiss.ch\/de\/wp-json\/wp\/v2\/compatibilite?post=52322"},{"taxonomy":"compatibilite_smartphone","embeddable":true,"href":"https:\/\/stage.shop-cellularswiss.ch\/de\/wp-json\/wp\/v2\/compatibilite_smartphone?post=52322"}],"curies":[{"name":"wp","href":"https:\/\/api.w.org\/{rel}","templated":true}]}}