
{"id":52347,"date":"2021-03-20T11:35:07","date_gmt":"2021-03-20T13:16:29","guid":{"rendered":"https:\/\/stage.shop-cellularswiss.ch\/produit\/tatto-per-smartphone-fino-a-48\/"},"modified":"2021-03-20T14:16:34","modified_gmt":"2021-03-20T13:16:34","slug":"tatto-per-smartphone-fino-a-48","status":"publish","type":"product","link":"https:\/\/stage.shop-cellularswiss.ch\/de\/produit\/tatto-per-smartphone-fino-a-48\/","title":{"rendered":"Tatto &#8211; Per Smartphone fino a 4,8&#8243;"},"content":{"rendered":"<p>Die Sleeve-Schutzh\u00fclle mit einem Politurinnenfutter aus Mikrofaser ist ein essentielles und funktionales Accessoire, das sich an alle &#8211; auch die gr\u00f6\u00dften &#8211; Ger\u00e4te anpasst. Ein Accessoire, das immer gef\u00e4llt. Jetzt auch f\u00fcr gro\u00dfformatige Ger\u00e4te verf\u00fcgbar.<\/p>\n","protected":false},"excerpt":{"rendered":"<p>Sleeve-Schutzh\u00fclle mit einem Politurinnenfutter aus Mikrofaser<\/p>\n","protected":false},"featured_media":54330,"comment_status":"closed","ping_status":"closed","template":"","meta":{"_et_pb_use_builder":"","_et_pb_old_content":"","_et_gb_content_width":""},"pwb-brand":[],"product_cat":[539,542,559],"product_tag":[],"compatibilite":[],"compatibilite_smartphone":[],"brands":[],"_links":{"self":[{"href":"https:\/\/stage.shop-cellularswiss.ch\/de\/wp-json\/wp\/v2\/product\/52347"}],"collection":[{"href":"https:\/\/stage.shop-cellularswiss.ch\/de\/wp-json\/wp\/v2\/product"}],"about":[{"href":"https:\/\/stage.shop-cellularswiss.ch\/de\/wp-json\/wp\/v2\/types\/product"}],"replies":[{"embeddable":true,"href":"https:\/\/stage.shop-cellularswiss.ch\/de\/wp-json\/wp\/v2\/comments?post=52347"}],"wp:featuredmedia":[{"embeddable":true,"href":"https:\/\/stage.shop-cellularswiss.ch\/de\/wp-json\/wp\/v2\/media\/54330"}],"wp:attachment":[{"href":"https:\/\/stage.shop-cellularswiss.ch\/de\/wp-json\/wp\/v2\/media?parent=52347"}],"wp:term":[{"taxonomy":"pwb-brand","embeddable":true,"href":"https:\/\/stage.shop-cellularswiss.ch\/de\/wp-json\/wp\/v2\/pwb-brand?post=52347"},{"taxonomy":"product_cat","embeddable":true,"href":"https:\/\/stage.shop-cellularswiss.ch\/de\/wp-json\/wp\/v2\/product_cat?post=52347"},{"taxonomy":"product_tag","embeddable":true,"href":"https:\/\/stage.shop-cellularswiss.ch\/de\/wp-json\/wp\/v2\/product_tag?post=52347"},{"taxonomy":"compatibilite","embeddable":true,"href":"https:\/\/stage.shop-cellularswiss.ch\/de\/wp-json\/wp\/v2\/compatibilite?post=52347"},{"taxonomy":"compatibilite_smartphone","embeddable":true,"href":"https:\/\/stage.shop-cellularswiss.ch\/de\/wp-json\/wp\/v2\/compatibilite_smartphone?post=52347"}],"curies":[{"name":"wp","href":"https:\/\/api.w.org\/{rel}","templated":true}]}}