
{"id":52355,"date":"2021-03-20T11:35:24","date_gmt":"2021-03-20T13:16:42","guid":{"rendered":"https:\/\/stage.shop-cellularswiss.ch\/produit\/tetra-force-book-advance-iphone-xr\/"},"modified":"2021-03-20T14:16:46","modified_gmt":"2021-03-20T13:16:46","slug":"tetra-force-book-advance-iphone-xr","status":"publish","type":"product","link":"https:\/\/stage.shop-cellularswiss.ch\/de\/produit\/tetra-force-book-advance-iphone-xr\/","title":{"rendered":"Tetra Force Book-Advance &#8211; iPhone XR"},"content":{"rendered":"<p>Tetra Force Book-Advance ist die ultrasch\u00fctzende H\u00fclle im Book-Style mit R\u00fcckseite aus einem biegsamen Material, das St\u00f6\u00dfen und St\u00fcrzen standh\u00e4lt und mit der Frontpatte h\u00f6chsten Schutz auch f\u00fcr das Display bietet. Der magnetische Sicherheitsverschluss und das Innere aus kratzfester Mikrofaser erg\u00e4nzen die Schutztasche Tetra Book f\u00fcr einen Rundumschutz zu 360\u00b0.<\/p>\n","protected":false},"excerpt":{"rendered":"<p>Ultra-Schutztasche im Book-Style<\/p>\n","protected":false},"featured_media":54282,"comment_status":"closed","ping_status":"closed","template":"","meta":{"_et_pb_use_builder":"","_et_pb_old_content":"","_et_gb_content_width":""},"pwb-brand":[],"product_cat":[542,559],"product_tag":[],"compatibilite":[],"compatibilite_smartphone":[],"brands":[],"_links":{"self":[{"href":"https:\/\/stage.shop-cellularswiss.ch\/de\/wp-json\/wp\/v2\/product\/52355"}],"collection":[{"href":"https:\/\/stage.shop-cellularswiss.ch\/de\/wp-json\/wp\/v2\/product"}],"about":[{"href":"https:\/\/stage.shop-cellularswiss.ch\/de\/wp-json\/wp\/v2\/types\/product"}],"replies":[{"embeddable":true,"href":"https:\/\/stage.shop-cellularswiss.ch\/de\/wp-json\/wp\/v2\/comments?post=52355"}],"wp:featuredmedia":[{"embeddable":true,"href":"https:\/\/stage.shop-cellularswiss.ch\/de\/wp-json\/wp\/v2\/media\/54282"}],"wp:attachment":[{"href":"https:\/\/stage.shop-cellularswiss.ch\/de\/wp-json\/wp\/v2\/media?parent=52355"}],"wp:term":[{"taxonomy":"pwb-brand","embeddable":true,"href":"https:\/\/stage.shop-cellularswiss.ch\/de\/wp-json\/wp\/v2\/pwb-brand?post=52355"},{"taxonomy":"product_cat","embeddable":true,"href":"https:\/\/stage.shop-cellularswiss.ch\/de\/wp-json\/wp\/v2\/product_cat?post=52355"},{"taxonomy":"product_tag","embeddable":true,"href":"https:\/\/stage.shop-cellularswiss.ch\/de\/wp-json\/wp\/v2\/product_tag?post=52355"},{"taxonomy":"compatibilite","embeddable":true,"href":"https:\/\/stage.shop-cellularswiss.ch\/de\/wp-json\/wp\/v2\/compatibilite?post=52355"},{"taxonomy":"compatibilite_smartphone","embeddable":true,"href":"https:\/\/stage.shop-cellularswiss.ch\/de\/wp-json\/wp\/v2\/compatibilite_smartphone?post=52355"}],"curies":[{"name":"wp","href":"https:\/\/api.w.org\/{rel}","templated":true}]}}