
{"id":52357,"date":"2021-03-20T11:35:29","date_gmt":"2021-03-20T13:16:46","guid":{"rendered":"https:\/\/stage.shop-cellularswiss.ch\/produit\/tetra-force-quantum-iphone-11-pro\/"},"modified":"2021-03-20T14:16:50","modified_gmt":"2021-03-20T13:16:50","slug":"tetra-force-quantum-iphone-11-pro","status":"publish","type":"product","link":"https:\/\/stage.shop-cellularswiss.ch\/de\/produit\/tetra-force-quantum-iphone-11-pro\/","title":{"rendered":"Tetra Force Quantum &#8211; iPhone 11 Pro"},"content":{"rendered":"<p>Tetra Force Quantum ist die ultrasichere Schutzh\u00fclle, ideal f\u00fcr alle, die sich einen hohen Schutz f\u00fcr Ihr Smartphone w\u00fcnschen. Sie besteht aus innovativen und technologisch hochentwickelten Materialien, die in der Lage sind, St\u00f6\u00dfe bei einem versehentlichen Herunterfallen abzumildern und zu absorbieren. Vorder- und R\u00fcckseite der H\u00fclle bestehen aus einem besonders widerstandsf\u00e4higen und geh\u00e4rteten Glas mit einer \u00f6labweisenden Behandlung gegen Fingerabdr\u00fccke und das einen h\u00f6heren Kratzschutz gew\u00e4hrleistet. Die d\u00e4mpfenden Kanten und R\u00e4nder der H\u00fclle aus sto\u00dffestem Material gew\u00e4hrleisten einen Rundumschutz vor St\u00f6\u00dfen und beim Herunterfallen. Die (von Cellularline entwickelte) innovative IDS (Impact Dissipating System\u2122) Technologie erm\u00f6glicht das D\u00e4mpfen von Energie und Vibrationen, die durch St\u00f6\u00dfe hervorgerufen werden und verhindert so m\u00f6gliche Sch\u00e4den am Telefon.<\/p>\n","protected":false},"excerpt":{"rendered":"<p>360\u00b0 ultrasch\u00fctzende H\u00fclle aus geh\u00e4rtetem Glas und sto\u00dfd\u00e4mpfenden ersch\u00fctterungshemmenden R\u00e4ndern<\/p>\n","protected":false},"featured_media":61962,"comment_status":"closed","ping_status":"closed","template":"","meta":{"_et_pb_use_builder":"","_et_pb_old_content":"","_et_gb_content_width":""},"pwb-brand":[],"product_cat":[542,559],"product_tag":[],"compatibilite":[],"compatibilite_smartphone":[4439],"brands":[],"_links":{"self":[{"href":"https:\/\/stage.shop-cellularswiss.ch\/de\/wp-json\/wp\/v2\/product\/52357"}],"collection":[{"href":"https:\/\/stage.shop-cellularswiss.ch\/de\/wp-json\/wp\/v2\/product"}],"about":[{"href":"https:\/\/stage.shop-cellularswiss.ch\/de\/wp-json\/wp\/v2\/types\/product"}],"replies":[{"embeddable":true,"href":"https:\/\/stage.shop-cellularswiss.ch\/de\/wp-json\/wp\/v2\/comments?post=52357"}],"wp:featuredmedia":[{"embeddable":true,"href":"https:\/\/stage.shop-cellularswiss.ch\/de\/wp-json\/wp\/v2\/media\/61962"}],"wp:attachment":[{"href":"https:\/\/stage.shop-cellularswiss.ch\/de\/wp-json\/wp\/v2\/media?parent=52357"}],"wp:term":[{"taxonomy":"pwb-brand","embeddable":true,"href":"https:\/\/stage.shop-cellularswiss.ch\/de\/wp-json\/wp\/v2\/pwb-brand?post=52357"},{"taxonomy":"product_cat","embeddable":true,"href":"https:\/\/stage.shop-cellularswiss.ch\/de\/wp-json\/wp\/v2\/product_cat?post=52357"},{"taxonomy":"product_tag","embeddable":true,"href":"https:\/\/stage.shop-cellularswiss.ch\/de\/wp-json\/wp\/v2\/product_tag?post=52357"},{"taxonomy":"compatibilite","embeddable":true,"href":"https:\/\/stage.shop-cellularswiss.ch\/de\/wp-json\/wp\/v2\/compatibilite?post=52357"},{"taxonomy":"compatibilite_smartphone","embeddable":true,"href":"https:\/\/stage.shop-cellularswiss.ch\/de\/wp-json\/wp\/v2\/compatibilite_smartphone?post=52357"}],"curies":[{"name":"wp","href":"https:\/\/api.w.org\/{rel}","templated":true}]}}