
{"id":52365,"date":"2021-03-20T11:35:47","date_gmt":"2021-03-20T13:16:59","guid":{"rendered":"https:\/\/stage.shop-cellularswiss.ch\/produit\/tetra-force-shield-iphone-se-2020\/"},"modified":"2021-03-20T14:17:04","modified_gmt":"2021-03-20T13:17:04","slug":"tetra-force-shield-iphone-se-2020","status":"publish","type":"product","link":"https:\/\/stage.shop-cellularswiss.ch\/de\/produit\/tetra-force-shield-iphone-se-2020\/","title":{"rendered":"Tetra Force Shield &#8211; iPhone SE (2020)"},"content":{"rendered":"<p>Tetra Force Shield ist die hochmoderne Neuheit in Sachen Display-Schutz: ein durch einen chemischen Prozess geh\u00e4rtetes, ultrad\u00fcnnes Glas, das das Display noch widerstandsf\u00e4higer und strahlender macht. H\u00e4lt bis zu 3 Mal l\u00e4nger als standardm\u00e4\u00dfige geh\u00e4rtete Gl\u00e4ser!<\/p>\n","protected":false},"excerpt":{"rendered":"<p>Extrem widerstandsf\u00e4higes und ultrad\u00fcnnes Schutzglas<\/p>\n","protected":false},"featured_media":58753,"comment_status":"closed","ping_status":"closed","template":"","meta":{"_et_pb_use_builder":"","_et_pb_old_content":"","_et_gb_content_width":""},"pwb-brand":[],"product_cat":[542,549],"product_tag":[],"compatibilite":[],"compatibilite_smartphone":[4440],"brands":[],"_links":{"self":[{"href":"https:\/\/stage.shop-cellularswiss.ch\/de\/wp-json\/wp\/v2\/product\/52365"}],"collection":[{"href":"https:\/\/stage.shop-cellularswiss.ch\/de\/wp-json\/wp\/v2\/product"}],"about":[{"href":"https:\/\/stage.shop-cellularswiss.ch\/de\/wp-json\/wp\/v2\/types\/product"}],"replies":[{"embeddable":true,"href":"https:\/\/stage.shop-cellularswiss.ch\/de\/wp-json\/wp\/v2\/comments?post=52365"}],"wp:featuredmedia":[{"embeddable":true,"href":"https:\/\/stage.shop-cellularswiss.ch\/de\/wp-json\/wp\/v2\/media\/58753"}],"wp:attachment":[{"href":"https:\/\/stage.shop-cellularswiss.ch\/de\/wp-json\/wp\/v2\/media?parent=52365"}],"wp:term":[{"taxonomy":"pwb-brand","embeddable":true,"href":"https:\/\/stage.shop-cellularswiss.ch\/de\/wp-json\/wp\/v2\/pwb-brand?post=52365"},{"taxonomy":"product_cat","embeddable":true,"href":"https:\/\/stage.shop-cellularswiss.ch\/de\/wp-json\/wp\/v2\/product_cat?post=52365"},{"taxonomy":"product_tag","embeddable":true,"href":"https:\/\/stage.shop-cellularswiss.ch\/de\/wp-json\/wp\/v2\/product_tag?post=52365"},{"taxonomy":"compatibilite","embeddable":true,"href":"https:\/\/stage.shop-cellularswiss.ch\/de\/wp-json\/wp\/v2\/compatibilite?post=52365"},{"taxonomy":"compatibilite_smartphone","embeddable":true,"href":"https:\/\/stage.shop-cellularswiss.ch\/de\/wp-json\/wp\/v2\/compatibilite_smartphone?post=52365"}],"curies":[{"name":"wp","href":"https:\/\/api.w.org\/{rel}","templated":true}]}}