
{"id":52381,"date":"2021-03-20T11:36:25","date_gmt":"2021-03-20T13:17:28","guid":{"rendered":"https:\/\/stage.shop-cellularswiss.ch\/produit\/tetra-force-shock-twist-iphone-12-12-pro\/"},"modified":"2021-08-23T17:04:18","modified_gmt":"2021-08-23T15:04:18","slug":"tetra-force-shock-twist-iphone-12-12-pro","status":"publish","type":"product","link":"https:\/\/stage.shop-cellularswiss.ch\/de\/produit\/tetra-force-shock-twist-iphone-12-12-pro\/","title":{"rendered":"Tetra Force Shock-Twist &#8211; iPhone 12 \/ 12 Pro"},"content":{"rendered":"<p>Die neue flexible Schutzh\u00fclle Tetra Force Shock-Twist ist aus technologisch fortschrittlichen Materialien gefertigt, die die vom Aufprall auf die Oberfl\u00e4che erzeugten Schwingungen d\u00e4mpfen und verteilen k\u00f6nnen, und ideal f\u00fcr alle, die maximalen Schutz f\u00fcr ihr smartphone suchen. Die von Cellularline entwickelte innovative IDS-Technologie (Impact Dissipating System)TM erm\u00f6glicht die Verteilung der vom Sto\u00df erzeugten Energie entlang aller R\u00e4nder und die Kompensation der vom Aufprall auf die Oberfl\u00e4che erzeugten Wellen und Schwingungen und vermeidet so m\u00f6gliche Besch\u00e4digungen der inneren Komponenten des Telefons. Das weiche, elastische Material sch\u00fctzt zusammen mit dem inneren Schutzband bei St\u00f6\u00dfen und Herunterfallen. Die Schutzh\u00fcllen Tetra Force Shock-Twist sind in verschiedenen Farbt\u00f6nen erh\u00e4ltlich. Sie sind perfekt geeignet, um deinem smartphone eine pers\u00f6nliche Note zu verleihen, und garantieren gleichzeitig einen noch nie dagewesenen Schutzgrad. Die Tetra Force Shock-Twist hat eine lebenslange Garantie: weitere Informationen findest du im Bereich Guaranteed For Life von Cellularline<\/p>\n","protected":false},"excerpt":{"rendered":"<p>Doppelter Schutz bei St\u00f6\u00dfen und Herunterfallen<\/p>\n","protected":false},"featured_media":62002,"comment_status":"closed","ping_status":"closed","template":"","meta":{"_et_pb_use_builder":"","_et_pb_old_content":"","_et_gb_content_width":""},"pwb-brand":[],"product_cat":[542,559],"product_tag":[],"compatibilite":[],"compatibilite_smartphone":[4446,4445],"brands":[],"_links":{"self":[{"href":"https:\/\/stage.shop-cellularswiss.ch\/de\/wp-json\/wp\/v2\/product\/52381"}],"collection":[{"href":"https:\/\/stage.shop-cellularswiss.ch\/de\/wp-json\/wp\/v2\/product"}],"about":[{"href":"https:\/\/stage.shop-cellularswiss.ch\/de\/wp-json\/wp\/v2\/types\/product"}],"replies":[{"embeddable":true,"href":"https:\/\/stage.shop-cellularswiss.ch\/de\/wp-json\/wp\/v2\/comments?post=52381"}],"wp:featuredmedia":[{"embeddable":true,"href":"https:\/\/stage.shop-cellularswiss.ch\/de\/wp-json\/wp\/v2\/media\/62002"}],"wp:attachment":[{"href":"https:\/\/stage.shop-cellularswiss.ch\/de\/wp-json\/wp\/v2\/media?parent=52381"}],"wp:term":[{"taxonomy":"pwb-brand","embeddable":true,"href":"https:\/\/stage.shop-cellularswiss.ch\/de\/wp-json\/wp\/v2\/pwb-brand?post=52381"},{"taxonomy":"product_cat","embeddable":true,"href":"https:\/\/stage.shop-cellularswiss.ch\/de\/wp-json\/wp\/v2\/product_cat?post=52381"},{"taxonomy":"product_tag","embeddable":true,"href":"https:\/\/stage.shop-cellularswiss.ch\/de\/wp-json\/wp\/v2\/product_tag?post=52381"},{"taxonomy":"compatibilite","embeddable":true,"href":"https:\/\/stage.shop-cellularswiss.ch\/de\/wp-json\/wp\/v2\/compatibilite?post=52381"},{"taxonomy":"compatibilite_smartphone","embeddable":true,"href":"https:\/\/stage.shop-cellularswiss.ch\/de\/wp-json\/wp\/v2\/compatibilite_smartphone?post=52381"}],"curies":[{"name":"wp","href":"https:\/\/api.w.org\/{rel}","templated":true}]}}