
{"id":52391,"date":"2021-03-20T11:36:49","date_gmt":"2021-03-20T13:17:44","guid":{"rendered":"https:\/\/stage.shop-cellularswiss.ch\/produit\/thunder\/"},"modified":"2021-03-20T14:17:53","modified_gmt":"2021-03-20T13:17:53","slug":"thunder","status":"publish","type":"product","link":"https:\/\/stage.shop-cellularswiss.ch\/de\/produit\/thunder\/","title":{"rendered":"Thunder"},"content":{"rendered":"<p>Thunder ist der ideale Bluetooth\u00ae-Lautsprecher f\u00fcr alle, die einen kr\u00e4ftigen, definierten Klang w\u00fcnschen, der auch bei maximaler Lautst\u00e4rke und in gr\u00f6\u00dferen R\u00e4umen frei von Verzerrungen ist. Dank des doppelten Lautsprechers und des \u201ePump Bass\u201c-Systems mit doppelter Passivmembran und der Leistung von 10 Watt ist Thunder die perfekte L\u00f6sung f\u00fcr alle, die einen Klang w\u00fcnschen, der reich an B\u00e4ssen ist. Die \u201eStreaming Top Sound Performance\u201c-Technologie macht ihn zum unentbehrlichen Audiozubeh\u00f6r f\u00fcr alle, die gerne Musik \u00fcber ihr Smartphone h\u00f6ren, w\u00e4hrend das \u201eClear Definition Speakerphone\u201c-System die Annahme von eingehenden Anrufen erm\u00f6glicht und eine hohe Gespr\u00e4chsqualit\u00e4t garantiert. Dank der Zertifizierung IPX7 kann der Lautsprecher f\u00fcr 30 Minuten bis zu 1 Meter tief in Wasser getaucht werden: Perfekt auch f\u00fcr deine Partys im Freien!<\/p>\n","protected":false},"excerpt":{"rendered":"<p>Portabler, wasserdichter Lautsprecher mit zwei Treibern<\/p>\n","protected":false},"featured_media":54710,"comment_status":"closed","ping_status":"closed","template":"","meta":{"_et_pb_use_builder":"","_et_pb_old_content":"","_et_gb_content_width":""},"pwb-brand":[],"product_cat":[472,484],"product_tag":[],"compatibilite":[],"compatibilite_smartphone":[],"brands":[],"_links":{"self":[{"href":"https:\/\/stage.shop-cellularswiss.ch\/de\/wp-json\/wp\/v2\/product\/52391"}],"collection":[{"href":"https:\/\/stage.shop-cellularswiss.ch\/de\/wp-json\/wp\/v2\/product"}],"about":[{"href":"https:\/\/stage.shop-cellularswiss.ch\/de\/wp-json\/wp\/v2\/types\/product"}],"replies":[{"embeddable":true,"href":"https:\/\/stage.shop-cellularswiss.ch\/de\/wp-json\/wp\/v2\/comments?post=52391"}],"wp:featuredmedia":[{"embeddable":true,"href":"https:\/\/stage.shop-cellularswiss.ch\/de\/wp-json\/wp\/v2\/media\/54710"}],"wp:attachment":[{"href":"https:\/\/stage.shop-cellularswiss.ch\/de\/wp-json\/wp\/v2\/media?parent=52391"}],"wp:term":[{"taxonomy":"pwb-brand","embeddable":true,"href":"https:\/\/stage.shop-cellularswiss.ch\/de\/wp-json\/wp\/v2\/pwb-brand?post=52391"},{"taxonomy":"product_cat","embeddable":true,"href":"https:\/\/stage.shop-cellularswiss.ch\/de\/wp-json\/wp\/v2\/product_cat?post=52391"},{"taxonomy":"product_tag","embeddable":true,"href":"https:\/\/stage.shop-cellularswiss.ch\/de\/wp-json\/wp\/v2\/product_tag?post=52391"},{"taxonomy":"compatibilite","embeddable":true,"href":"https:\/\/stage.shop-cellularswiss.ch\/de\/wp-json\/wp\/v2\/compatibilite?post=52391"},{"taxonomy":"compatibilite_smartphone","embeddable":true,"href":"https:\/\/stage.shop-cellularswiss.ch\/de\/wp-json\/wp\/v2\/compatibilite_smartphone?post=52391"}],"curies":[{"name":"wp","href":"https:\/\/api.w.org\/{rel}","templated":true}]}}