
{"id":52395,"date":"2021-03-20T11:36:57","date_gmt":"2021-03-20T13:17:51","guid":{"rendered":"https:\/\/stage.shop-cellularswiss.ch\/produit\/tie-l-misure-max-telefono-90mm-170mm\/"},"modified":"2021-03-20T14:17:55","modified_gmt":"2021-03-20T13:17:55","slug":"tie-l-misure-max-telefono-90mm-170mm","status":"publish","type":"product","link":"https:\/\/stage.shop-cellularswiss.ch\/de\/produit\/tie-l-misure-max-telefono-90mm-170mm\/","title":{"rendered":"Tie &#8211; L: (Misure max telefono: 90mm * 170mm)"},"content":{"rendered":"<p>Die TIE-Schutzh\u00fcllen sind die neuen Holster zum Anbringen des Mobiltelefons aus echtem Leder mit edlen Verzierungen, ideal f\u00fcr all jene, die das Smartphone sch\u00fctzen und es immer griffbereit haben wollen, ohne auf einen Hauch von Stil zu verzichten. Die bequemen, praktischen und eleganten TIE-Schutztaschen sind in zwei verschiedenen Gr\u00f6\u00dfen erh\u00e4ltlich: W\u00e4hle die passende Gr\u00f6\u00dfe f\u00fcr dein Smartphone!<\/p>\n","protected":false},"excerpt":{"rendered":"<p>Schutz, Sicherheit und Design aus echtem Leder<\/p>\n","protected":false},"featured_media":63018,"comment_status":"closed","ping_status":"closed","template":"","meta":{"_et_pb_use_builder":"","_et_pb_old_content":"","_et_gb_content_width":""},"pwb-brand":[],"product_cat":[542,559],"product_tag":[],"compatibilite":[],"compatibilite_smartphone":[4447,4362,4435,4434,4385,4388,4386,4421,4390,4413,4406,4408,4403,4407,4404,4410,4422,4409,4423,4401,4425,4424,4391],"brands":[],"_links":{"self":[{"href":"https:\/\/stage.shop-cellularswiss.ch\/de\/wp-json\/wp\/v2\/product\/52395"}],"collection":[{"href":"https:\/\/stage.shop-cellularswiss.ch\/de\/wp-json\/wp\/v2\/product"}],"about":[{"href":"https:\/\/stage.shop-cellularswiss.ch\/de\/wp-json\/wp\/v2\/types\/product"}],"replies":[{"embeddable":true,"href":"https:\/\/stage.shop-cellularswiss.ch\/de\/wp-json\/wp\/v2\/comments?post=52395"}],"wp:featuredmedia":[{"embeddable":true,"href":"https:\/\/stage.shop-cellularswiss.ch\/de\/wp-json\/wp\/v2\/media\/63018"}],"wp:attachment":[{"href":"https:\/\/stage.shop-cellularswiss.ch\/de\/wp-json\/wp\/v2\/media?parent=52395"}],"wp:term":[{"taxonomy":"pwb-brand","embeddable":true,"href":"https:\/\/stage.shop-cellularswiss.ch\/de\/wp-json\/wp\/v2\/pwb-brand?post=52395"},{"taxonomy":"product_cat","embeddable":true,"href":"https:\/\/stage.shop-cellularswiss.ch\/de\/wp-json\/wp\/v2\/product_cat?post=52395"},{"taxonomy":"product_tag","embeddable":true,"href":"https:\/\/stage.shop-cellularswiss.ch\/de\/wp-json\/wp\/v2\/product_tag?post=52395"},{"taxonomy":"compatibilite","embeddable":true,"href":"https:\/\/stage.shop-cellularswiss.ch\/de\/wp-json\/wp\/v2\/compatibilite?post=52395"},{"taxonomy":"compatibilite_smartphone","embeddable":true,"href":"https:\/\/stage.shop-cellularswiss.ch\/de\/wp-json\/wp\/v2\/compatibilite_smartphone?post=52395"}],"curies":[{"name":"wp","href":"https:\/\/api.w.org\/{rel}","templated":true}]}}