
{"id":52399,"date":"2021-03-20T11:37:06","date_gmt":"2021-03-20T13:17:58","guid":{"rendered":"https:\/\/stage.shop-cellularswiss.ch\/produit\/total-view-universale\/"},"modified":"2021-03-20T14:18:06","modified_gmt":"2021-03-20T13:18:06","slug":"total-view-universale","status":"publish","type":"product","link":"https:\/\/stage.shop-cellularswiss.ch\/de\/produit\/total-view-universale\/","title":{"rendered":"Total View &#8211; Universale"},"content":{"rendered":"<p>Total View ist der Selfie-Stick mit drehbarem Spiegel, der sich ideal f\u00fcr all diejenigen eignet, die gerne Selfies in Gesellschaft schie\u00dfen. Dank Gelenkhalterung erm\u00f6glicht Total View verschiedene Smartphone-Positionen und das Aufnehmen drei verschiedener Arten von Selfies: klassisch mit der Frontkamera, hochaufl\u00f6send mit der Kamera auf der R\u00fcckseite und Portraits mit senkrecht positioniertem Smartphone. Des Weiteren ist der drehbare Spiegel n\u00fctzlich, um eine bessere Sicht des Bildausschnitts w\u00e4hrend der Aufnahme zu haben &#8211; ideal f\u00fcr Gruppenbilder.<\/p>\n","protected":false},"excerpt":{"rendered":"<p>Selfie-Stick mit drehbarem Spiegel<\/p>\n","protected":false},"featured_media":62451,"comment_status":"closed","ping_status":"closed","template":"","meta":{"_et_pb_use_builder":"","_et_pb_old_content":"","_et_gb_content_width":""},"pwb-brand":[],"product_cat":[544,542],"product_tag":[],"compatibilite":[],"compatibilite_smartphone":[4369,4384,4363,4370,4354,4375,4376,4355,4383,4357,4368,4373,4381,4382,4361,4378,4356,4359,4377,4364,4379,4353,4374,4372,4447,4380,4362,4448,4358,4371,4360,4367,4385,4388,4386,4389,4387,4390,4415,4402,4413,4396,4406,4414,4405,4408,4394,4403,4407,4404,4410,4395,4409,4399,4398,4423,4401,4400,4393,4412,4397,4490,4392,4391],"brands":[],"_links":{"self":[{"href":"https:\/\/stage.shop-cellularswiss.ch\/de\/wp-json\/wp\/v2\/product\/52399"}],"collection":[{"href":"https:\/\/stage.shop-cellularswiss.ch\/de\/wp-json\/wp\/v2\/product"}],"about":[{"href":"https:\/\/stage.shop-cellularswiss.ch\/de\/wp-json\/wp\/v2\/types\/product"}],"replies":[{"embeddable":true,"href":"https:\/\/stage.shop-cellularswiss.ch\/de\/wp-json\/wp\/v2\/comments?post=52399"}],"wp:featuredmedia":[{"embeddable":true,"href":"https:\/\/stage.shop-cellularswiss.ch\/de\/wp-json\/wp\/v2\/media\/62451"}],"wp:attachment":[{"href":"https:\/\/stage.shop-cellularswiss.ch\/de\/wp-json\/wp\/v2\/media?parent=52399"}],"wp:term":[{"taxonomy":"pwb-brand","embeddable":true,"href":"https:\/\/stage.shop-cellularswiss.ch\/de\/wp-json\/wp\/v2\/pwb-brand?post=52399"},{"taxonomy":"product_cat","embeddable":true,"href":"https:\/\/stage.shop-cellularswiss.ch\/de\/wp-json\/wp\/v2\/product_cat?post=52399"},{"taxonomy":"product_tag","embeddable":true,"href":"https:\/\/stage.shop-cellularswiss.ch\/de\/wp-json\/wp\/v2\/product_tag?post=52399"},{"taxonomy":"compatibilite","embeddable":true,"href":"https:\/\/stage.shop-cellularswiss.ch\/de\/wp-json\/wp\/v2\/compatibilite?post=52399"},{"taxonomy":"compatibilite_smartphone","embeddable":true,"href":"https:\/\/stage.shop-cellularswiss.ch\/de\/wp-json\/wp\/v2\/compatibilite_smartphone?post=52399"}],"curies":[{"name":"wp","href":"https:\/\/api.w.org\/{rel}","templated":true}]}}