
{"id":52403,"date":"2021-03-20T11:37:15","date_gmt":"2021-03-20T13:18:04","guid":{"rendered":"https:\/\/stage.shop-cellularswiss.ch\/produit\/touch-cup-holder-universal\/"},"modified":"2021-03-20T14:18:09","modified_gmt":"2021-03-20T13:18:09","slug":"touch-cup-holder-universal","status":"publish","type":"product","link":"https:\/\/stage.shop-cellularswiss.ch\/de\/produit\/touch-cup-holder-universal\/","title":{"rendered":"Touch Cup Holder &#8211; Universal"},"content":{"rendered":"<p>TOUCH Cup Holder ist die magnetische Smartphone-Halterung f\u00fcr das Auto ohne mechanische Haltungs-Mechanismen: man muss nur an der R\u00fcckseite des Smartphones eine der mitgelieferten Metallpl\u00e4ttchen anbringen und schon kann man das Smartphone mit einer einfachen und flinken Geste an der Halterung anbringen und wieder entfernen. Der mit der exklusiven Magnettechnologie Magnetic Tech ausgestattete TOUCH Cup Holder ist eine extrem SICHERE, SOLIDE, EINFACHE und STABILE Halterung: sie ist leicht anzubringen, h\u00e4lt auch die schwersten Telefone sicher und beeintr\u00e4chtigt nicht die Funktionen des Smartphones Die Autohalterung eignet sich f\u00fcr Becherhalter mit einem Durchmesser von 6 bis 9 cm.<\/p>\n","protected":false},"excerpt":{"rendered":"<p>Magnetische Smartphone-Halterung f\u00fcr das Auto mit Befestigung f\u00fcr Becherhalter<\/p>\n","protected":false},"featured_media":37885,"comment_status":"closed","ping_status":"closed","template":"","meta":{"_et_pb_use_builder":"","_et_pb_old_content":"","_et_gb_content_width":""},"pwb-brand":[],"product_cat":[3853,1781],"product_tag":[],"compatibilite":[],"compatibilite_smartphone":[],"brands":[],"_links":{"self":[{"href":"https:\/\/stage.shop-cellularswiss.ch\/de\/wp-json\/wp\/v2\/product\/52403"}],"collection":[{"href":"https:\/\/stage.shop-cellularswiss.ch\/de\/wp-json\/wp\/v2\/product"}],"about":[{"href":"https:\/\/stage.shop-cellularswiss.ch\/de\/wp-json\/wp\/v2\/types\/product"}],"replies":[{"embeddable":true,"href":"https:\/\/stage.shop-cellularswiss.ch\/de\/wp-json\/wp\/v2\/comments?post=52403"}],"wp:featuredmedia":[{"embeddable":true,"href":"https:\/\/stage.shop-cellularswiss.ch\/de\/wp-json\/wp\/v2\/media\/37885"}],"wp:attachment":[{"href":"https:\/\/stage.shop-cellularswiss.ch\/de\/wp-json\/wp\/v2\/media?parent=52403"}],"wp:term":[{"taxonomy":"pwb-brand","embeddable":true,"href":"https:\/\/stage.shop-cellularswiss.ch\/de\/wp-json\/wp\/v2\/pwb-brand?post=52403"},{"taxonomy":"product_cat","embeddable":true,"href":"https:\/\/stage.shop-cellularswiss.ch\/de\/wp-json\/wp\/v2\/product_cat?post=52403"},{"taxonomy":"product_tag","embeddable":true,"href":"https:\/\/stage.shop-cellularswiss.ch\/de\/wp-json\/wp\/v2\/product_tag?post=52403"},{"taxonomy":"compatibilite","embeddable":true,"href":"https:\/\/stage.shop-cellularswiss.ch\/de\/wp-json\/wp\/v2\/compatibilite?post=52403"},{"taxonomy":"compatibilite_smartphone","embeddable":true,"href":"https:\/\/stage.shop-cellularswiss.ch\/de\/wp-json\/wp\/v2\/compatibilite_smartphone?post=52403"}],"curies":[{"name":"wp","href":"https:\/\/api.w.org\/{rel}","templated":true}]}}