
{"id":52404,"date":"2021-03-20T11:37:17","date_gmt":"2021-03-20T13:18:08","guid":{"rendered":"https:\/\/stage.shop-cellularswiss.ch\/produit\/touch-fix-xl-universal\/"},"modified":"2021-03-20T14:18:10","modified_gmt":"2021-03-20T13:18:10","slug":"touch-fix-xl-universal","status":"publish","type":"product","link":"https:\/\/stage.shop-cellularswiss.ch\/de\/produit\/touch-fix-xl-universal\/","title":{"rendered":"Touch Fix XL &#8211; Universal"},"content":{"rendered":"<p>TOUCH FIX XL ist die magnetische Smartphone-Halterung f\u00fcr das Auto ohne Mechanismen: man muss nur eines der mitgelieferten Metallpl\u00e4ttchen hinten am Smartphone anbringen, um es mit einem Handgriff in die Halterung einsetzen und aus ihr herausnehmen zu k\u00f6nnen. Das mit der exklusiven Magnettechnologie Mag4 ausgestattete Touch Fix XL ist SICHER, SOLIDE, SIMPEL und STABIL: leicht anzubringen, h\u00e4lt auch die schwersten Smartphones fest und beeintr\u00e4chtigt nicht die Funktionen des Telefons. Wird dank Sockel mit 3M-Klebeband f\u00fcr h\u00f6chste Stabilit\u00e4t und keine R\u00fcckst\u00e4nde nach dem Entfernen am Armaturenbrett angebracht. Das Kugelgelenk erm\u00f6glicht eine Drehung um 360\u00b0 f\u00fcr optimale Ansicht des Smartphones.<\/p>\n","protected":false},"excerpt":{"rendered":"<p>Selbstklebende magnetische Smartphonehalterung f\u00fcr das Auto<\/p>\n","protected":false},"featured_media":37868,"comment_status":"closed","ping_status":"closed","template":"","meta":{"_et_pb_use_builder":"","_et_pb_old_content":"","_et_gb_content_width":""},"pwb-brand":[],"product_cat":[3853,1781],"product_tag":[],"compatibilite":[],"compatibilite_smartphone":[],"brands":[],"_links":{"self":[{"href":"https:\/\/stage.shop-cellularswiss.ch\/de\/wp-json\/wp\/v2\/product\/52404"}],"collection":[{"href":"https:\/\/stage.shop-cellularswiss.ch\/de\/wp-json\/wp\/v2\/product"}],"about":[{"href":"https:\/\/stage.shop-cellularswiss.ch\/de\/wp-json\/wp\/v2\/types\/product"}],"replies":[{"embeddable":true,"href":"https:\/\/stage.shop-cellularswiss.ch\/de\/wp-json\/wp\/v2\/comments?post=52404"}],"wp:featuredmedia":[{"embeddable":true,"href":"https:\/\/stage.shop-cellularswiss.ch\/de\/wp-json\/wp\/v2\/media\/37868"}],"wp:attachment":[{"href":"https:\/\/stage.shop-cellularswiss.ch\/de\/wp-json\/wp\/v2\/media?parent=52404"}],"wp:term":[{"taxonomy":"pwb-brand","embeddable":true,"href":"https:\/\/stage.shop-cellularswiss.ch\/de\/wp-json\/wp\/v2\/pwb-brand?post=52404"},{"taxonomy":"product_cat","embeddable":true,"href":"https:\/\/stage.shop-cellularswiss.ch\/de\/wp-json\/wp\/v2\/product_cat?post=52404"},{"taxonomy":"product_tag","embeddable":true,"href":"https:\/\/stage.shop-cellularswiss.ch\/de\/wp-json\/wp\/v2\/product_tag?post=52404"},{"taxonomy":"compatibilite","embeddable":true,"href":"https:\/\/stage.shop-cellularswiss.ch\/de\/wp-json\/wp\/v2\/compatibilite?post=52404"},{"taxonomy":"compatibilite_smartphone","embeddable":true,"href":"https:\/\/stage.shop-cellularswiss.ch\/de\/wp-json\/wp\/v2\/compatibilite_smartphone?post=52404"}],"curies":[{"name":"wp","href":"https:\/\/api.w.org\/{rel}","templated":true}]}}