
{"id":52408,"date":"2021-03-20T11:37:27","date_gmt":"2021-03-20T13:18:15","guid":{"rendered":"https:\/\/stage.shop-cellularswiss.ch\/produit\/touch-gloves-sense-s-m\/"},"modified":"2021-03-20T14:18:16","modified_gmt":"2021-03-20T13:18:16","slug":"touch-gloves-sense-s-m","status":"publish","type":"product","link":"https:\/\/stage.shop-cellularswiss.ch\/de\/produit\/touch-gloves-sense-s-m\/","title":{"rendered":"TOUCH GLOVES &#8222;SENSE&#8220; &#8211; S\/M"},"content":{"rendered":"<p>Die Touch Gloves \u201eSense\u201c sind weiche Handschuhe, die ideal f\u00fcr das Tragen bei K\u00e4lte geeignet sind und mit denen du einfach und sofort den Touchscreen deines Smartphones dank der super-sensiblen leitf\u00e4higen Fasern benutzen kannst, welche auch bei geh\u00e4rteten Schutzgl\u00e4sern funktionieren. Jetzt kannst du dein Telefon auch bei kalten Temperaturen einfach benutzen!<\/p>\n","protected":false},"excerpt":{"rendered":"<p>Handschuhe f\u00fcr Touchscreen<\/p>\n","protected":false},"featured_media":62692,"comment_status":"closed","ping_status":"closed","template":"","meta":{"_et_pb_use_builder":"","_et_pb_old_content":"","_et_gb_content_width":""},"pwb-brand":[],"product_cat":[3845,1781],"product_tag":[],"compatibilite":[],"compatibilite_smartphone":[],"brands":[],"_links":{"self":[{"href":"https:\/\/stage.shop-cellularswiss.ch\/de\/wp-json\/wp\/v2\/product\/52408"}],"collection":[{"href":"https:\/\/stage.shop-cellularswiss.ch\/de\/wp-json\/wp\/v2\/product"}],"about":[{"href":"https:\/\/stage.shop-cellularswiss.ch\/de\/wp-json\/wp\/v2\/types\/product"}],"replies":[{"embeddable":true,"href":"https:\/\/stage.shop-cellularswiss.ch\/de\/wp-json\/wp\/v2\/comments?post=52408"}],"wp:featuredmedia":[{"embeddable":true,"href":"https:\/\/stage.shop-cellularswiss.ch\/de\/wp-json\/wp\/v2\/media\/62692"}],"wp:attachment":[{"href":"https:\/\/stage.shop-cellularswiss.ch\/de\/wp-json\/wp\/v2\/media?parent=52408"}],"wp:term":[{"taxonomy":"pwb-brand","embeddable":true,"href":"https:\/\/stage.shop-cellularswiss.ch\/de\/wp-json\/wp\/v2\/pwb-brand?post=52408"},{"taxonomy":"product_cat","embeddable":true,"href":"https:\/\/stage.shop-cellularswiss.ch\/de\/wp-json\/wp\/v2\/product_cat?post=52408"},{"taxonomy":"product_tag","embeddable":true,"href":"https:\/\/stage.shop-cellularswiss.ch\/de\/wp-json\/wp\/v2\/product_tag?post=52408"},{"taxonomy":"compatibilite","embeddable":true,"href":"https:\/\/stage.shop-cellularswiss.ch\/de\/wp-json\/wp\/v2\/compatibilite?post=52408"},{"taxonomy":"compatibilite_smartphone","embeddable":true,"href":"https:\/\/stage.shop-cellularswiss.ch\/de\/wp-json\/wp\/v2\/compatibilite_smartphone?post=52408"}],"curies":[{"name":"wp","href":"https:\/\/api.w.org\/{rel}","templated":true}]}}