
{"id":52432,"date":"2021-03-20T14:18:53","date_gmt":"2021-03-20T13:18:53","guid":{"rendered":"https:\/\/stage.shop-cellularswiss.ch\/produit\/urban-band-apple-watch-42-44-mm\/"},"modified":"2021-03-20T14:19:04","modified_gmt":"2021-03-20T13:19:04","slug":"urban-band-apple-watch-42-44-mm","status":"publish","type":"product","link":"https:\/\/stage.shop-cellularswiss.ch\/de\/produit\/urban-band-apple-watch-42-44-mm\/","title":{"rendered":"Urban Band &#8211; Apple Watch 42\/44 mm"},"content":{"rendered":"<p>Urban ist das Band f\u00fcr die Apple Watch aus weichem Silikon, das angenehm anzufassen ist. Das sichere Magnetverschlusssystem h\u00e4lt das Band am Geh\u00e4use der Uhr sicher zusammen. Urban ist leicht zu tragen und f\u00fcr den eigenen Handgelenkumfang einzustellen. Urban gibt es in zwei verschiedenen L\u00e4ngen, die beide in der Verpackung enthalten sind.<\/p>\n","protected":false},"excerpt":{"rendered":"<p>Silikonarmband f\u00fcr Apple Watch<\/p>\n","protected":false},"featured_media":39955,"comment_status":"closed","ping_status":"open","template":"","meta":{"_et_pb_use_builder":"","_et_pb_old_content":"","_et_gb_content_width":""},"pwb-brand":[],"product_cat":[544,542],"product_tag":[],"compatibilite":[],"compatibilite_smartphone":[4483,4484,4475,4485,4482],"brands":[],"_links":{"self":[{"href":"https:\/\/stage.shop-cellularswiss.ch\/de\/wp-json\/wp\/v2\/product\/52432"}],"collection":[{"href":"https:\/\/stage.shop-cellularswiss.ch\/de\/wp-json\/wp\/v2\/product"}],"about":[{"href":"https:\/\/stage.shop-cellularswiss.ch\/de\/wp-json\/wp\/v2\/types\/product"}],"replies":[{"embeddable":true,"href":"https:\/\/stage.shop-cellularswiss.ch\/de\/wp-json\/wp\/v2\/comments?post=52432"}],"wp:featuredmedia":[{"embeddable":true,"href":"https:\/\/stage.shop-cellularswiss.ch\/de\/wp-json\/wp\/v2\/media\/39955"}],"wp:attachment":[{"href":"https:\/\/stage.shop-cellularswiss.ch\/de\/wp-json\/wp\/v2\/media?parent=52432"}],"wp:term":[{"taxonomy":"pwb-brand","embeddable":true,"href":"https:\/\/stage.shop-cellularswiss.ch\/de\/wp-json\/wp\/v2\/pwb-brand?post=52432"},{"taxonomy":"product_cat","embeddable":true,"href":"https:\/\/stage.shop-cellularswiss.ch\/de\/wp-json\/wp\/v2\/product_cat?post=52432"},{"taxonomy":"product_tag","embeddable":true,"href":"https:\/\/stage.shop-cellularswiss.ch\/de\/wp-json\/wp\/v2\/product_tag?post=52432"},{"taxonomy":"compatibilite","embeddable":true,"href":"https:\/\/stage.shop-cellularswiss.ch\/de\/wp-json\/wp\/v2\/compatibilite?post=52432"},{"taxonomy":"compatibilite_smartphone","embeddable":true,"href":"https:\/\/stage.shop-cellularswiss.ch\/de\/wp-json\/wp\/v2\/compatibilite_smartphone?post=52432"}],"curies":[{"name":"wp","href":"https:\/\/api.w.org\/{rel}","templated":true}]}}