
{"id":52447,"date":"2021-03-20T11:38:55","date_gmt":"2021-03-20T13:19:15","guid":{"rendered":"https:\/\/stage.shop-cellularswiss.ch\/produit\/usb-cable-usb-c-to-lightning\/"},"modified":"2021-08-23T17:04:19","modified_gmt":"2021-08-23T15:04:19","slug":"usb-cable-usb-c-to-lightning","status":"publish","type":"product","link":"https:\/\/stage.shop-cellularswiss.ch\/de\/produit\/usb-cable-usb-c-to-lightning\/","title":{"rendered":"USB Cable &#8211; USB-C to Lightning"},"content":{"rendered":"<p>USB Cable ist das sichere, widerstandsf\u00e4hige Kabel h\u00f6chster Qualit\u00e4t. Erm\u00f6glicht Power-Delivery-Laden auf iPhone 8 und Folgemodellen, wenn es mit einem mit dieser Technologie kompatiblen Ladeger\u00e4t verwendet wird. USB Cable ist Made for iPhone, iPod und iPad zertifiziert.<\/p>\n","protected":false},"excerpt":{"rendered":"<p>USB-C-auf-Lightning-Kabel zum Laden und Datensynchronisieren<\/p>\n","protected":false},"featured_media":62936,"comment_status":"closed","ping_status":"closed","template":"","meta":{"_et_pb_use_builder":"","_et_pb_old_content":"","_et_gb_content_width":""},"pwb-brand":[],"product_cat":[3863,1781],"product_tag":[],"compatibilite":[],"compatibilite_smartphone":[4366,4469,4384,4354,4365,4375,4376,4436,4443,4355,4383,4441,4357,4368,4373,4451,4381,4382,4361,4450,4437,4439,4438,4446,4442,4445,4444,4359,4377,4364,4379,4353,4374,4372,4449,4447,4380,4362,4448,4440,4358,4435,4433,4434,4367,4465,4468],"brands":[],"_links":{"self":[{"href":"https:\/\/stage.shop-cellularswiss.ch\/de\/wp-json\/wp\/v2\/product\/52447"}],"collection":[{"href":"https:\/\/stage.shop-cellularswiss.ch\/de\/wp-json\/wp\/v2\/product"}],"about":[{"href":"https:\/\/stage.shop-cellularswiss.ch\/de\/wp-json\/wp\/v2\/types\/product"}],"replies":[{"embeddable":true,"href":"https:\/\/stage.shop-cellularswiss.ch\/de\/wp-json\/wp\/v2\/comments?post=52447"}],"wp:featuredmedia":[{"embeddable":true,"href":"https:\/\/stage.shop-cellularswiss.ch\/de\/wp-json\/wp\/v2\/media\/62936"}],"wp:attachment":[{"href":"https:\/\/stage.shop-cellularswiss.ch\/de\/wp-json\/wp\/v2\/media?parent=52447"}],"wp:term":[{"taxonomy":"pwb-brand","embeddable":true,"href":"https:\/\/stage.shop-cellularswiss.ch\/de\/wp-json\/wp\/v2\/pwb-brand?post=52447"},{"taxonomy":"product_cat","embeddable":true,"href":"https:\/\/stage.shop-cellularswiss.ch\/de\/wp-json\/wp\/v2\/product_cat?post=52447"},{"taxonomy":"product_tag","embeddable":true,"href":"https:\/\/stage.shop-cellularswiss.ch\/de\/wp-json\/wp\/v2\/product_tag?post=52447"},{"taxonomy":"compatibilite","embeddable":true,"href":"https:\/\/stage.shop-cellularswiss.ch\/de\/wp-json\/wp\/v2\/compatibilite?post=52447"},{"taxonomy":"compatibilite_smartphone","embeddable":true,"href":"https:\/\/stage.shop-cellularswiss.ch\/de\/wp-json\/wp\/v2\/compatibilite_smartphone?post=52447"}],"curies":[{"name":"wp","href":"https:\/\/api.w.org\/{rel}","templated":true}]}}