
{"id":52453,"date":"2021-03-20T11:39:13","date_gmt":"2021-03-20T13:19:26","guid":{"rendered":"https:\/\/stage.shop-cellularswiss.ch\/produit\/usb-cable-stylecolor-micro-usb\/"},"modified":"2021-03-20T14:19:37","modified_gmt":"2021-03-20T13:19:37","slug":"usb-cable-stylecolor-micro-usb","status":"publish","type":"product","link":"https:\/\/stage.shop-cellularswiss.ch\/de\/produit\/usb-cable-stylecolor-micro-usb\/","title":{"rendered":"USB Cable #Stylecolor &#8211; Micro USB"},"content":{"rendered":"<p>USB Cable ist das Kabel zum Aufladen und f\u00fcr die Datensynchronisierung der Produktlinie #StyleColor f\u00fcr Smartphones mit Micro-USB-Buchse. USB Cable ist in vielen bunten Farben erh\u00e4ltlich und mit anderem #StyleColor Zubeh\u00f6r kombinierbar.<\/p>\n","protected":false},"excerpt":{"rendered":"<p>Buntes Kabel zum Laden und zur Datensynchronisation<\/p>\n","protected":false},"featured_media":62940,"comment_status":"closed","ping_status":"closed","template":"","meta":{"_et_pb_use_builder":"","_et_pb_old_content":"","_et_gb_content_width":""},"pwb-brand":[],"product_cat":[3863,1781],"product_tag":[],"compatibilite":[],"compatibilite_smartphone":[4388,4386,4395],"brands":[],"_links":{"self":[{"href":"https:\/\/stage.shop-cellularswiss.ch\/de\/wp-json\/wp\/v2\/product\/52453"}],"collection":[{"href":"https:\/\/stage.shop-cellularswiss.ch\/de\/wp-json\/wp\/v2\/product"}],"about":[{"href":"https:\/\/stage.shop-cellularswiss.ch\/de\/wp-json\/wp\/v2\/types\/product"}],"replies":[{"embeddable":true,"href":"https:\/\/stage.shop-cellularswiss.ch\/de\/wp-json\/wp\/v2\/comments?post=52453"}],"wp:featuredmedia":[{"embeddable":true,"href":"https:\/\/stage.shop-cellularswiss.ch\/de\/wp-json\/wp\/v2\/media\/62940"}],"wp:attachment":[{"href":"https:\/\/stage.shop-cellularswiss.ch\/de\/wp-json\/wp\/v2\/media?parent=52453"}],"wp:term":[{"taxonomy":"pwb-brand","embeddable":true,"href":"https:\/\/stage.shop-cellularswiss.ch\/de\/wp-json\/wp\/v2\/pwb-brand?post=52453"},{"taxonomy":"product_cat","embeddable":true,"href":"https:\/\/stage.shop-cellularswiss.ch\/de\/wp-json\/wp\/v2\/product_cat?post=52453"},{"taxonomy":"product_tag","embeddable":true,"href":"https:\/\/stage.shop-cellularswiss.ch\/de\/wp-json\/wp\/v2\/product_tag?post=52453"},{"taxonomy":"compatibilite","embeddable":true,"href":"https:\/\/stage.shop-cellularswiss.ch\/de\/wp-json\/wp\/v2\/compatibilite?post=52453"},{"taxonomy":"compatibilite_smartphone","embeddable":true,"href":"https:\/\/stage.shop-cellularswiss.ch\/de\/wp-json\/wp\/v2\/compatibilite_smartphone?post=52453"}],"curies":[{"name":"wp","href":"https:\/\/api.w.org\/{rel}","templated":true}]}}