
{"id":52466,"date":"2021-03-20T11:39:42","date_gmt":"2021-03-20T13:19:48","guid":{"rendered":"https:\/\/stage.shop-cellularswiss.ch\/produit\/usb-cable-car-micro-usb\/"},"modified":"2021-03-20T14:19:50","modified_gmt":"2021-03-20T13:19:50","slug":"usb-cable-car-micro-usb","status":"publish","type":"product","link":"https:\/\/stage.shop-cellularswiss.ch\/de\/produit\/usb-cable-car-micro-usb\/","title":{"rendered":"USB Cable Car &#8211; Micro USB"},"content":{"rendered":"<p>Das Daten-Spiralkabel ist ideal f\u00fcr das Auto geeignet. USB Data Cable CAR verl\u00e4ngert sich, wenn es n\u00f6tig ist und verheddert sich nicht, wenn es nicht benutzt wird. Kompatibel mit allen Ger\u00e4ten mit Micro-USB-Buchse.<\/p>\n","protected":false},"excerpt":{"rendered":"<p>Noch praktischer f\u00fcr Akkuladeger\u00e4te f\u00fcr das Auto.<\/p>\n","protected":false},"featured_media":62571,"comment_status":"closed","ping_status":"closed","template":"","meta":{"_et_pb_use_builder":"","_et_pb_old_content":"","_et_gb_content_width":""},"pwb-brand":[],"product_cat":[3863,1781],"product_tag":[],"compatibilite":[],"compatibilite_smartphone":[4388,4386,4395,4398],"brands":[],"_links":{"self":[{"href":"https:\/\/stage.shop-cellularswiss.ch\/de\/wp-json\/wp\/v2\/product\/52466"}],"collection":[{"href":"https:\/\/stage.shop-cellularswiss.ch\/de\/wp-json\/wp\/v2\/product"}],"about":[{"href":"https:\/\/stage.shop-cellularswiss.ch\/de\/wp-json\/wp\/v2\/types\/product"}],"replies":[{"embeddable":true,"href":"https:\/\/stage.shop-cellularswiss.ch\/de\/wp-json\/wp\/v2\/comments?post=52466"}],"wp:featuredmedia":[{"embeddable":true,"href":"https:\/\/stage.shop-cellularswiss.ch\/de\/wp-json\/wp\/v2\/media\/62571"}],"wp:attachment":[{"href":"https:\/\/stage.shop-cellularswiss.ch\/de\/wp-json\/wp\/v2\/media?parent=52466"}],"wp:term":[{"taxonomy":"pwb-brand","embeddable":true,"href":"https:\/\/stage.shop-cellularswiss.ch\/de\/wp-json\/wp\/v2\/pwb-brand?post=52466"},{"taxonomy":"product_cat","embeddable":true,"href":"https:\/\/stage.shop-cellularswiss.ch\/de\/wp-json\/wp\/v2\/product_cat?post=52466"},{"taxonomy":"product_tag","embeddable":true,"href":"https:\/\/stage.shop-cellularswiss.ch\/de\/wp-json\/wp\/v2\/product_tag?post=52466"},{"taxonomy":"compatibilite","embeddable":true,"href":"https:\/\/stage.shop-cellularswiss.ch\/de\/wp-json\/wp\/v2\/compatibilite?post=52466"},{"taxonomy":"compatibilite_smartphone","embeddable":true,"href":"https:\/\/stage.shop-cellularswiss.ch\/de\/wp-json\/wp\/v2\/compatibilite_smartphone?post=52466"}],"curies":[{"name":"wp","href":"https:\/\/api.w.org\/{rel}","templated":true}]}}