
{"id":52472,"date":"2021-03-20T14:19:58","date_gmt":"2021-03-20T13:19:58","guid":{"rendered":"https:\/\/stage.shop-cellularswiss.ch\/produit\/usb-cable-home-micro-usb\/"},"modified":"2021-03-20T14:20:00","modified_gmt":"2021-03-20T13:20:00","slug":"usb-cable-home-micro-usb","status":"publish","type":"product","link":"https:\/\/stage.shop-cellularswiss.ch\/de\/produit\/usb-cable-home-micro-usb\/","title":{"rendered":"USB Cable Home &#8211; Micro USB"},"content":{"rendered":"<p>L\u00e4nger als die Standardkabel, erm\u00f6glicht das USB Cable Home das Aufladen von Smartphones und Tablets auch bei weit entfernt befindlichen Steckdosen. Ideal, wenn man das Ger\u00e4t benutzen und auch w\u00e4hrend es aufl\u00e4dt weiter benutzen m\u00f6chte. Auch USB-Buchsen von Desktop-Computern sind bequem zu erreichen. Es erm\u00f6glicht das Aufladen und die Datensynchronisierung von Ger\u00e4ten mit Micro-USB-Buchse.<\/p>\n","protected":false},"excerpt":{"rendered":"<p>USB auf Micro-USB-Kabel zum Laden und Datensynchronisieren<\/p>\n","protected":false},"featured_media":55046,"comment_status":"closed","ping_status":"open","template":"","meta":{"_et_pb_use_builder":"","_et_pb_old_content":"","_et_gb_content_width":""},"pwb-brand":[],"product_cat":[3863,1781],"product_tag":[],"compatibilite":[],"compatibilite_smartphone":[4388,4386,4395,4398],"brands":[],"_links":{"self":[{"href":"https:\/\/stage.shop-cellularswiss.ch\/de\/wp-json\/wp\/v2\/product\/52472"}],"collection":[{"href":"https:\/\/stage.shop-cellularswiss.ch\/de\/wp-json\/wp\/v2\/product"}],"about":[{"href":"https:\/\/stage.shop-cellularswiss.ch\/de\/wp-json\/wp\/v2\/types\/product"}],"replies":[{"embeddable":true,"href":"https:\/\/stage.shop-cellularswiss.ch\/de\/wp-json\/wp\/v2\/comments?post=52472"}],"wp:featuredmedia":[{"embeddable":true,"href":"https:\/\/stage.shop-cellularswiss.ch\/de\/wp-json\/wp\/v2\/media\/55046"}],"wp:attachment":[{"href":"https:\/\/stage.shop-cellularswiss.ch\/de\/wp-json\/wp\/v2\/media?parent=52472"}],"wp:term":[{"taxonomy":"pwb-brand","embeddable":true,"href":"https:\/\/stage.shop-cellularswiss.ch\/de\/wp-json\/wp\/v2\/pwb-brand?post=52472"},{"taxonomy":"product_cat","embeddable":true,"href":"https:\/\/stage.shop-cellularswiss.ch\/de\/wp-json\/wp\/v2\/product_cat?post=52472"},{"taxonomy":"product_tag","embeddable":true,"href":"https:\/\/stage.shop-cellularswiss.ch\/de\/wp-json\/wp\/v2\/product_tag?post=52472"},{"taxonomy":"compatibilite","embeddable":true,"href":"https:\/\/stage.shop-cellularswiss.ch\/de\/wp-json\/wp\/v2\/compatibilite?post=52472"},{"taxonomy":"compatibilite_smartphone","embeddable":true,"href":"https:\/\/stage.shop-cellularswiss.ch\/de\/wp-json\/wp\/v2\/compatibilite_smartphone?post=52472"}],"curies":[{"name":"wp","href":"https:\/\/api.w.org\/{rel}","templated":true}]}}