
{"id":52483,"date":"2021-03-20T11:40:20","date_gmt":"2021-03-20T13:20:15","guid":{"rendered":"https:\/\/stage.shop-cellularswiss.ch\/produit\/usb-cable-home-xl-usb-c\/"},"modified":"2021-03-20T14:20:19","modified_gmt":"2021-03-20T13:20:19","slug":"usb-cable-home-xl-usb-c","status":"publish","type":"product","link":"https:\/\/stage.shop-cellularswiss.ch\/de\/produit\/usb-cable-home-xl-usb-c\/","title":{"rendered":"USB Cable Home XL &#8211; USB-C"},"content":{"rendered":"<p>Benutzt du dein Telefon oft an Orten, an denen keine Steckdose verf\u00fcgbar ist? Wie zum Beispiel auf dem Sofa? USB Cable Home XL ist das USB-Kabel, das dreimal so lang wie ein Standardkabel ist (3m) und das beim Laden von Smartphone\/Tablet mehr Bewegungsfreiheit verleiht, wenn man sich nicht in der N\u00e4he des Akkuladeger\u00e4ts befindet! Es erm\u00f6glicht das Aufladen und die Datensynchronisierung von Ger\u00e4ten mit USB-C-Buchse.<\/p>\n","protected":false},"excerpt":{"rendered":"<p>USB auf USB-C-Kabel zum Laden und Datensynchronisieren<\/p>\n","protected":false},"featured_media":62944,"comment_status":"closed","ping_status":"closed","template":"","meta":{"_et_pb_use_builder":"","_et_pb_old_content":"","_et_gb_content_width":""},"pwb-brand":[],"product_cat":[3863,1781],"product_tag":[],"compatibilite":[],"compatibilite_smartphone":[4417,4419,4420,4418,4385,4389,4387,4421,4390,4415,4402,4396,4406,4414,4405,4408,4394,4403,4407,4404,4410,4422,4409,4427,4428,4423,4401,4400,4431,4425,4424,4429,4430,4393,4412,4397,4416,4411,4426,4392,4391],"brands":[],"_links":{"self":[{"href":"https:\/\/stage.shop-cellularswiss.ch\/de\/wp-json\/wp\/v2\/product\/52483"}],"collection":[{"href":"https:\/\/stage.shop-cellularswiss.ch\/de\/wp-json\/wp\/v2\/product"}],"about":[{"href":"https:\/\/stage.shop-cellularswiss.ch\/de\/wp-json\/wp\/v2\/types\/product"}],"replies":[{"embeddable":true,"href":"https:\/\/stage.shop-cellularswiss.ch\/de\/wp-json\/wp\/v2\/comments?post=52483"}],"wp:featuredmedia":[{"embeddable":true,"href":"https:\/\/stage.shop-cellularswiss.ch\/de\/wp-json\/wp\/v2\/media\/62944"}],"wp:attachment":[{"href":"https:\/\/stage.shop-cellularswiss.ch\/de\/wp-json\/wp\/v2\/media?parent=52483"}],"wp:term":[{"taxonomy":"pwb-brand","embeddable":true,"href":"https:\/\/stage.shop-cellularswiss.ch\/de\/wp-json\/wp\/v2\/pwb-brand?post=52483"},{"taxonomy":"product_cat","embeddable":true,"href":"https:\/\/stage.shop-cellularswiss.ch\/de\/wp-json\/wp\/v2\/product_cat?post=52483"},{"taxonomy":"product_tag","embeddable":true,"href":"https:\/\/stage.shop-cellularswiss.ch\/de\/wp-json\/wp\/v2\/product_tag?post=52483"},{"taxonomy":"compatibilite","embeddable":true,"href":"https:\/\/stage.shop-cellularswiss.ch\/de\/wp-json\/wp\/v2\/compatibilite?post=52483"},{"taxonomy":"compatibilite_smartphone","embeddable":true,"href":"https:\/\/stage.shop-cellularswiss.ch\/de\/wp-json\/wp\/v2\/compatibilite_smartphone?post=52483"}],"curies":[{"name":"wp","href":"https:\/\/api.w.org\/{rel}","templated":true}]}}