
{"id":52486,"date":"2021-03-20T11:40:27","date_gmt":"2021-03-20T13:20:22","guid":{"rendered":"https:\/\/stage.shop-cellularswiss.ch\/produit\/usb-cable-medium-lightning\/"},"modified":"2021-03-20T14:20:23","modified_gmt":"2021-03-20T13:20:23","slug":"usb-cable-medium-lightning","status":"publish","type":"product","link":"https:\/\/stage.shop-cellularswiss.ch\/de\/produit\/usb-cable-medium-lightning\/","title":{"rendered":"USB Cable Medium &#8211; Lightning"},"content":{"rendered":"<p>USB Cable Medium ist das Kabel von Cellularline von mittlerer Kabell\u00e4nge, das sich ideal f\u00fcr die Aufladung des eigenen Ger\u00e4ts eignet, ohne dabei ein zu langes Kabel zu haben. Es erm\u00f6glicht das Aufladen und die Datensynchronisierung von Ger\u00e4ten mit Lightning-Buchse. USB Cable Medium ist Made for iPhone, iPod und iPad zertifiziert.<\/p>\n","protected":false},"excerpt":{"rendered":"<p>USB auf Lightning-Kabel zum Laden und Datensynchronisieren<\/p>\n","protected":false},"featured_media":62884,"comment_status":"closed","ping_status":"closed","template":"","meta":{"_et_pb_use_builder":"","_et_pb_old_content":"","_et_gb_content_width":""},"pwb-brand":[],"product_cat":[3863,1781],"product_tag":[],"compatibilite":[],"compatibilite_smartphone":[4469,4384,4354,4375,4376,4436,4443,4355,4383,4441,4357,4368,4373,4381,4382,4361,4450,4437,4439,4438,4446,4442,4445,4444,4359,4377,4364,4379,4353,4374,4372,4449,4447,4380,4362,4448,4440,4358,4435,4433,4434,4371,4367,4465],"brands":[],"_links":{"self":[{"href":"https:\/\/stage.shop-cellularswiss.ch\/de\/wp-json\/wp\/v2\/product\/52486"}],"collection":[{"href":"https:\/\/stage.shop-cellularswiss.ch\/de\/wp-json\/wp\/v2\/product"}],"about":[{"href":"https:\/\/stage.shop-cellularswiss.ch\/de\/wp-json\/wp\/v2\/types\/product"}],"replies":[{"embeddable":true,"href":"https:\/\/stage.shop-cellularswiss.ch\/de\/wp-json\/wp\/v2\/comments?post=52486"}],"wp:featuredmedia":[{"embeddable":true,"href":"https:\/\/stage.shop-cellularswiss.ch\/de\/wp-json\/wp\/v2\/media\/62884"}],"wp:attachment":[{"href":"https:\/\/stage.shop-cellularswiss.ch\/de\/wp-json\/wp\/v2\/media?parent=52486"}],"wp:term":[{"taxonomy":"pwb-brand","embeddable":true,"href":"https:\/\/stage.shop-cellularswiss.ch\/de\/wp-json\/wp\/v2\/pwb-brand?post=52486"},{"taxonomy":"product_cat","embeddable":true,"href":"https:\/\/stage.shop-cellularswiss.ch\/de\/wp-json\/wp\/v2\/product_cat?post=52486"},{"taxonomy":"product_tag","embeddable":true,"href":"https:\/\/stage.shop-cellularswiss.ch\/de\/wp-json\/wp\/v2\/product_tag?post=52486"},{"taxonomy":"compatibilite","embeddable":true,"href":"https:\/\/stage.shop-cellularswiss.ch\/de\/wp-json\/wp\/v2\/compatibilite?post=52486"},{"taxonomy":"compatibilite_smartphone","embeddable":true,"href":"https:\/\/stage.shop-cellularswiss.ch\/de\/wp-json\/wp\/v2\/compatibilite_smartphone?post=52486"}],"curies":[{"name":"wp","href":"https:\/\/api.w.org\/{rel}","templated":true}]}}