
{"id":52487,"date":"2021-03-20T11:40:30","date_gmt":"2021-03-20T13:20:22","guid":{"rendered":"https:\/\/stage.shop-cellularswiss.ch\/produit\/usb-cable-medium-micro-usb\/"},"modified":"2021-03-20T14:20:26","modified_gmt":"2021-03-20T13:20:26","slug":"usb-cable-medium-micro-usb","status":"publish","type":"product","link":"https:\/\/stage.shop-cellularswiss.ch\/de\/produit\/usb-cable-medium-micro-usb\/","title":{"rendered":"USB Cable Medium &#8211; Micro USB"},"content":{"rendered":"<p>USB Cable Medium ist das Kabel von Cellularline von mittlerer Kabell\u00e4nge, das sich ideal f\u00fcr die Aufladung des eigenen Ger\u00e4ts eignet, ohne dabei ein zu langes Kabel zu haben. Es erm\u00f6glicht das Aufladen und die Datensynchronisierung von Ger\u00e4ten mit Micro-USB-Buchse.<\/p>\n","protected":false},"excerpt":{"rendered":"<p>USB auf Micro-USB-Kabel zum Laden und Datensynchronisieren<\/p>\n","protected":false},"featured_media":62880,"comment_status":"closed","ping_status":"closed","template":"","meta":{"_et_pb_use_builder":"","_et_pb_old_content":"","_et_gb_content_width":""},"pwb-brand":[],"product_cat":[3863,1781],"product_tag":[],"compatibilite":[],"compatibilite_smartphone":[4388,4386,4395,4398],"brands":[],"_links":{"self":[{"href":"https:\/\/stage.shop-cellularswiss.ch\/de\/wp-json\/wp\/v2\/product\/52487"}],"collection":[{"href":"https:\/\/stage.shop-cellularswiss.ch\/de\/wp-json\/wp\/v2\/product"}],"about":[{"href":"https:\/\/stage.shop-cellularswiss.ch\/de\/wp-json\/wp\/v2\/types\/product"}],"replies":[{"embeddable":true,"href":"https:\/\/stage.shop-cellularswiss.ch\/de\/wp-json\/wp\/v2\/comments?post=52487"}],"wp:featuredmedia":[{"embeddable":true,"href":"https:\/\/stage.shop-cellularswiss.ch\/de\/wp-json\/wp\/v2\/media\/62880"}],"wp:attachment":[{"href":"https:\/\/stage.shop-cellularswiss.ch\/de\/wp-json\/wp\/v2\/media?parent=52487"}],"wp:term":[{"taxonomy":"pwb-brand","embeddable":true,"href":"https:\/\/stage.shop-cellularswiss.ch\/de\/wp-json\/wp\/v2\/pwb-brand?post=52487"},{"taxonomy":"product_cat","embeddable":true,"href":"https:\/\/stage.shop-cellularswiss.ch\/de\/wp-json\/wp\/v2\/product_cat?post=52487"},{"taxonomy":"product_tag","embeddable":true,"href":"https:\/\/stage.shop-cellularswiss.ch\/de\/wp-json\/wp\/v2\/product_tag?post=52487"},{"taxonomy":"compatibilite","embeddable":true,"href":"https:\/\/stage.shop-cellularswiss.ch\/de\/wp-json\/wp\/v2\/compatibilite?post=52487"},{"taxonomy":"compatibilite_smartphone","embeddable":true,"href":"https:\/\/stage.shop-cellularswiss.ch\/de\/wp-json\/wp\/v2\/compatibilite_smartphone?post=52487"}],"curies":[{"name":"wp","href":"https:\/\/api.w.org\/{rel}","templated":true}]}}