
{"id":52493,"date":"2021-03-20T11:40:43","date_gmt":"2021-03-20T13:20:31","guid":{"rendered":"https:\/\/stage.shop-cellularswiss.ch\/produit\/usb-cable-portable-usb-c-to-lightning\/"},"modified":"2022-04-07T09:07:27","modified_gmt":"2022-04-07T07:07:27","slug":"usb-cable-portable-usb-c-to-lightning","status":"publish","type":"product","link":"https:\/\/stage.shop-cellularswiss.ch\/de\/produit\/usb-cable-portable-usb-c-to-lightning\/","title":{"rendered":"USB Cable Portable &#8211; USB-C to Lightning"},"content":{"rendered":"<p>USB Cable Portable ist das 15 cm lange Kabel, das einfach und praktisch mitzunehmen ist. Es verheddert sich nicht und eignet sich ideal f\u00fcr die Verbindung von Ger\u00e4ten mit der Powerbank oder dem Laptop. Erm\u00f6glicht Power-Delivery-Laden auf iPhone8 und Folgemodellen, wenn es mit einem mit dieser Technologie kompatiblen Ladeger\u00e4t verwendet wird. USB Cable Portable ist Made for iPhone, iPod und iPad zertifiziert.<\/p>\n","protected":false},"excerpt":{"rendered":"<p>USB-C-auf-Lightning-Kabel zum Laden und Datensynchronisieren<\/p>\n","protected":false},"featured_media":62896,"comment_status":"closed","ping_status":"closed","template":"","meta":{"_et_pb_use_builder":"","_et_pb_old_content":"","_et_gb_content_width":""},"pwb-brand":[],"product_cat":[3863,1781],"product_tag":[],"compatibilite":[],"compatibilite_smartphone":[4366,4354,4365,4376,4355,4383,4441,4357,4368,4373,4381,4382,4361,4450,4437,4439,4438,4359,4377,4364,4379,4353,4374,4372,4449,4447,4380,4362,4448,4440,4358,4435,4433,4434,4367,4465,4468],"brands":[],"_links":{"self":[{"href":"https:\/\/stage.shop-cellularswiss.ch\/de\/wp-json\/wp\/v2\/product\/52493"}],"collection":[{"href":"https:\/\/stage.shop-cellularswiss.ch\/de\/wp-json\/wp\/v2\/product"}],"about":[{"href":"https:\/\/stage.shop-cellularswiss.ch\/de\/wp-json\/wp\/v2\/types\/product"}],"replies":[{"embeddable":true,"href":"https:\/\/stage.shop-cellularswiss.ch\/de\/wp-json\/wp\/v2\/comments?post=52493"}],"wp:featuredmedia":[{"embeddable":true,"href":"https:\/\/stage.shop-cellularswiss.ch\/de\/wp-json\/wp\/v2\/media\/62896"}],"wp:attachment":[{"href":"https:\/\/stage.shop-cellularswiss.ch\/de\/wp-json\/wp\/v2\/media?parent=52493"}],"wp:term":[{"taxonomy":"pwb-brand","embeddable":true,"href":"https:\/\/stage.shop-cellularswiss.ch\/de\/wp-json\/wp\/v2\/pwb-brand?post=52493"},{"taxonomy":"product_cat","embeddable":true,"href":"https:\/\/stage.shop-cellularswiss.ch\/de\/wp-json\/wp\/v2\/product_cat?post=52493"},{"taxonomy":"product_tag","embeddable":true,"href":"https:\/\/stage.shop-cellularswiss.ch\/de\/wp-json\/wp\/v2\/product_tag?post=52493"},{"taxonomy":"compatibilite","embeddable":true,"href":"https:\/\/stage.shop-cellularswiss.ch\/de\/wp-json\/wp\/v2\/compatibilite?post=52493"},{"taxonomy":"compatibilite_smartphone","embeddable":true,"href":"https:\/\/stage.shop-cellularswiss.ch\/de\/wp-json\/wp\/v2\/compatibilite_smartphone?post=52493"}],"curies":[{"name":"wp","href":"https:\/\/api.w.org\/{rel}","templated":true}]}}