
{"id":52494,"date":"2021-03-20T11:40:45","date_gmt":"2021-03-20T13:20:35","guid":{"rendered":"https:\/\/stage.shop-cellularswiss.ch\/produit\/usb-cable-portable-usb-cusb-c\/"},"modified":"2021-03-20T14:20:36","modified_gmt":"2021-03-20T13:20:36","slug":"usb-cable-portable-usb-cusb-c","status":"publish","type":"product","link":"https:\/\/stage.shop-cellularswiss.ch\/de\/produit\/usb-cable-portable-usb-cusb-c\/","title":{"rendered":"USB Cable Portable &#8211; USB-C||USB-C"},"content":{"rendered":"<p>USB Cable Portable von 15cm L\u00e4nge ist das Kabel, das einfach und praktisch mitzunehmen ist. Es verheddert nicht und eignet sich ideal f\u00fcr die Verbindung von Ger\u00e4ten an der Powerbank oder am Laptop. Es erm\u00f6glicht das Aufladen und die Datensynchronisierung von Ger\u00e4ten mit USB-C-Buchse.<\/p>\n","protected":false},"excerpt":{"rendered":"<p>USB-C auf USB-C-Kabel zum Laden und Datensynchronisieren<\/p>\n","protected":false},"featured_media":62900,"comment_status":"closed","ping_status":"closed","template":"","meta":{"_et_pb_use_builder":"","_et_pb_old_content":"","_et_gb_content_width":""},"pwb-brand":[],"product_cat":[3863,1781],"product_tag":[],"compatibilite":[],"compatibilite_smartphone":[],"brands":[],"_links":{"self":[{"href":"https:\/\/stage.shop-cellularswiss.ch\/de\/wp-json\/wp\/v2\/product\/52494"}],"collection":[{"href":"https:\/\/stage.shop-cellularswiss.ch\/de\/wp-json\/wp\/v2\/product"}],"about":[{"href":"https:\/\/stage.shop-cellularswiss.ch\/de\/wp-json\/wp\/v2\/types\/product"}],"replies":[{"embeddable":true,"href":"https:\/\/stage.shop-cellularswiss.ch\/de\/wp-json\/wp\/v2\/comments?post=52494"}],"wp:featuredmedia":[{"embeddable":true,"href":"https:\/\/stage.shop-cellularswiss.ch\/de\/wp-json\/wp\/v2\/media\/62900"}],"wp:attachment":[{"href":"https:\/\/stage.shop-cellularswiss.ch\/de\/wp-json\/wp\/v2\/media?parent=52494"}],"wp:term":[{"taxonomy":"pwb-brand","embeddable":true,"href":"https:\/\/stage.shop-cellularswiss.ch\/de\/wp-json\/wp\/v2\/pwb-brand?post=52494"},{"taxonomy":"product_cat","embeddable":true,"href":"https:\/\/stage.shop-cellularswiss.ch\/de\/wp-json\/wp\/v2\/product_cat?post=52494"},{"taxonomy":"product_tag","embeddable":true,"href":"https:\/\/stage.shop-cellularswiss.ch\/de\/wp-json\/wp\/v2\/product_tag?post=52494"},{"taxonomy":"compatibilite","embeddable":true,"href":"https:\/\/stage.shop-cellularswiss.ch\/de\/wp-json\/wp\/v2\/compatibilite?post=52494"},{"taxonomy":"compatibilite_smartphone","embeddable":true,"href":"https:\/\/stage.shop-cellularswiss.ch\/de\/wp-json\/wp\/v2\/compatibilite_smartphone?post=52494"}],"curies":[{"name":"wp","href":"https:\/\/api.w.org\/{rel}","templated":true}]}}