
{"id":52495,"date":"2021-03-20T11:40:48","date_gmt":"2021-03-20T13:20:35","guid":{"rendered":"https:\/\/stage.shop-cellularswiss.ch\/produit\/usb-cable-sc-usb-c\/"},"modified":"2021-03-20T14:20:39","modified_gmt":"2021-03-20T13:20:39","slug":"usb-cable-sc-usb-c","status":"publish","type":"product","link":"https:\/\/stage.shop-cellularswiss.ch\/de\/produit\/usb-cable-sc-usb-c\/","title":{"rendered":"USB Cable SC &#8211; USB-C"},"content":{"rendered":"<p>USB Cable SC ist das mit einem verst\u00e4rkten USB-C-Stecker ausgestattete Kabel zum Laden mit maximaler Geschwindigkeit von HUAWEI\u00ae-Ger\u00e4ten j\u00fcngster Generation, die mit dem SuperCharge\u00ae-Laden kompatibel sind (P10, P10 Plus, Mate 9, Mate 9 Pro, Mate 10 Pro). USB Cable SC erlaubt auch eine Daten\u00fcbertragungsgeschwindigkeit von 480 Mbps. Die SuperCharge\u00ae-Technologie ist Eigentum von Huawei Technologies Co. Huawei\u00ae SuperCharge\u00ae ist ein in der Europ\u00e4ischen Union und anderen L\u00e4ndern eingetragenes Markenzeichen von Huawei Technologies Co. Es besteht keine Vereinbarung, Lizenz oder Verbindung zwischen Cellular Italia und Huawei Technologies Co.; die Zusammenstellungen und Abbildungen dienen ausschlie\u00dflich zur Beschreibung des Gebrauchs, des Bestimmungszwecks des Zubeh\u00f6rs, dessen Kompatibilit\u00e4t und der f\u00fcr eine korrekte Information des Verbrauchers notwendigen wesentlichen Eigenschaften.<\/p>\n","protected":false},"excerpt":{"rendered":"<p>USB auf USB-C-Kabel zum Laden und Datensynchronisieren<\/p>\n","protected":false},"featured_media":62904,"comment_status":"closed","ping_status":"closed","template":"","meta":{"_et_pb_use_builder":"","_et_pb_old_content":"","_et_gb_content_width":""},"pwb-brand":[],"product_cat":[3863,1781],"product_tag":[],"compatibilite":[],"compatibilite_smartphone":[4385,4389,4421],"brands":[],"_links":{"self":[{"href":"https:\/\/stage.shop-cellularswiss.ch\/de\/wp-json\/wp\/v2\/product\/52495"}],"collection":[{"href":"https:\/\/stage.shop-cellularswiss.ch\/de\/wp-json\/wp\/v2\/product"}],"about":[{"href":"https:\/\/stage.shop-cellularswiss.ch\/de\/wp-json\/wp\/v2\/types\/product"}],"replies":[{"embeddable":true,"href":"https:\/\/stage.shop-cellularswiss.ch\/de\/wp-json\/wp\/v2\/comments?post=52495"}],"wp:featuredmedia":[{"embeddable":true,"href":"https:\/\/stage.shop-cellularswiss.ch\/de\/wp-json\/wp\/v2\/media\/62904"}],"wp:attachment":[{"href":"https:\/\/stage.shop-cellularswiss.ch\/de\/wp-json\/wp\/v2\/media?parent=52495"}],"wp:term":[{"taxonomy":"pwb-brand","embeddable":true,"href":"https:\/\/stage.shop-cellularswiss.ch\/de\/wp-json\/wp\/v2\/pwb-brand?post=52495"},{"taxonomy":"product_cat","embeddable":true,"href":"https:\/\/stage.shop-cellularswiss.ch\/de\/wp-json\/wp\/v2\/product_cat?post=52495"},{"taxonomy":"product_tag","embeddable":true,"href":"https:\/\/stage.shop-cellularswiss.ch\/de\/wp-json\/wp\/v2\/product_tag?post=52495"},{"taxonomy":"compatibilite","embeddable":true,"href":"https:\/\/stage.shop-cellularswiss.ch\/de\/wp-json\/wp\/v2\/compatibilite?post=52495"},{"taxonomy":"compatibilite_smartphone","embeddable":true,"href":"https:\/\/stage.shop-cellularswiss.ch\/de\/wp-json\/wp\/v2\/compatibilite_smartphone?post=52495"}],"curies":[{"name":"wp","href":"https:\/\/api.w.org\/{rel}","templated":true}]}}