
{"id":52496,"date":"2021-03-20T11:40:50","date_gmt":"2021-03-20T13:20:38","guid":{"rendered":"https:\/\/stage.shop-cellularswiss.ch\/produit\/usb-cable-triple-lightning-usb-c-e-micro-usb\/"},"modified":"2021-03-20T14:20:39","modified_gmt":"2021-03-20T13:20:39","slug":"usb-cable-triple-lightning-usb-c-e-micro-usb","status":"publish","type":"product","link":"https:\/\/stage.shop-cellularswiss.ch\/de\/produit\/usb-cable-triple-lightning-usb-c-e-micro-usb\/","title":{"rendered":"USB Cable Triple &#8211; Lightning, USB-C e Micro USB"},"content":{"rendered":"<p>USB DATA CABLE TRIPLE ist das Kabel zum Aufladen und zur Datensynchronisierung mit Lightning-, Typ-C- und Micro-USB-Stecker, ideal f\u00fcr Besitzer mehrerer Ger\u00e4te mit verschiedenen Anschl\u00fcssen, die das richtige Kabel immer griffbereit zur Hand haben m\u00f6chten.<\/p>\n","protected":false},"excerpt":{"rendered":"<p>Kabel zum Aufladen und zur Datensynchronisierung f\u00fcr Lightning, Typ C und Micro-USB.<\/p>\n","protected":false},"featured_media":62908,"comment_status":"closed","ping_status":"closed","template":"","meta":{"_et_pb_use_builder":"","_et_pb_old_content":"","_et_gb_content_width":""},"pwb-brand":[],"product_cat":[3863,1781],"product_tag":[],"compatibilite":[],"compatibilite_smartphone":[4469,4384,4436,4443,4441,4437,4439,4438,4446,4442,4445,4444,4380,4362,4440,4358,4435,4433,4434],"brands":[],"_links":{"self":[{"href":"https:\/\/stage.shop-cellularswiss.ch\/de\/wp-json\/wp\/v2\/product\/52496"}],"collection":[{"href":"https:\/\/stage.shop-cellularswiss.ch\/de\/wp-json\/wp\/v2\/product"}],"about":[{"href":"https:\/\/stage.shop-cellularswiss.ch\/de\/wp-json\/wp\/v2\/types\/product"}],"replies":[{"embeddable":true,"href":"https:\/\/stage.shop-cellularswiss.ch\/de\/wp-json\/wp\/v2\/comments?post=52496"}],"wp:featuredmedia":[{"embeddable":true,"href":"https:\/\/stage.shop-cellularswiss.ch\/de\/wp-json\/wp\/v2\/media\/62908"}],"wp:attachment":[{"href":"https:\/\/stage.shop-cellularswiss.ch\/de\/wp-json\/wp\/v2\/media?parent=52496"}],"wp:term":[{"taxonomy":"pwb-brand","embeddable":true,"href":"https:\/\/stage.shop-cellularswiss.ch\/de\/wp-json\/wp\/v2\/pwb-brand?post=52496"},{"taxonomy":"product_cat","embeddable":true,"href":"https:\/\/stage.shop-cellularswiss.ch\/de\/wp-json\/wp\/v2\/product_cat?post=52496"},{"taxonomy":"product_tag","embeddable":true,"href":"https:\/\/stage.shop-cellularswiss.ch\/de\/wp-json\/wp\/v2\/product_tag?post=52496"},{"taxonomy":"compatibilite","embeddable":true,"href":"https:\/\/stage.shop-cellularswiss.ch\/de\/wp-json\/wp\/v2\/compatibilite?post=52496"},{"taxonomy":"compatibilite_smartphone","embeddable":true,"href":"https:\/\/stage.shop-cellularswiss.ch\/de\/wp-json\/wp\/v2\/compatibilite_smartphone?post=52496"}],"curies":[{"name":"wp","href":"https:\/\/api.w.org\/{rel}","templated":true}]}}